{"id":80,"date":"2025-05-08T14:28:13","date_gmt":"2025-05-08T14:28:13","guid":{"rendered":"https:\/\/www.gfimedicine.com\/farmacia\/?post_type=product&#038;p=80"},"modified":"2025-05-08T14:28:13","modified_gmt":"2025-05-08T14:28:13","slug":"adenofrin","status":"publish","type":"product","link":"https:\/\/www.gfimedicine.com\/farmacia\/produto\/adenofrin\/","title":{"rendered":"Adenofrin"},"content":{"rendered":"<p class=\"text-body font-regular leading-[24px] pt-[9px] pb-[2px]\" dir=\"ltr\">O Adenofrin \u00e9 um creme-gel desenvolvido especificamente para apoiar a sa\u00fade masculina e proporcionar benef\u00edcios duplos. Ele n\u00e3o s\u00f3 melhora a pot\u00eancia sexual, como tamb\u00e9m contribui para o aumento do p\u00e9nis. Este produto foi formulado para ajudar os homens a alcan\u00e7ar maior confian\u00e7a e satisfa\u00e7\u00e3o na sua vida \u00edntima, trabalhando de forma natural e eficaz.<\/p>\n<h2 class=\"font-bold text-h3 leading-[40px] pt-[21px] pb-[2px] [&amp;_a]:underline-offset-[6px] [&amp;_.underline]:underline-offset-[6px]\" dir=\"ltr\">Como funciona o Adenofrin?<\/h2>\n<p class=\"text-body font-regular leading-[24px] pt-[9px] pb-[2px]\" dir=\"ltr\">O Adenofrin atua em v\u00e1rias frentes para entregar resultados surpreendentes. Quando aplicado regularmente, o creme-gel estimula a circula\u00e7\u00e3o sangu\u00ednea na regi\u00e3o genital, o que resulta em ere\u00e7\u00f5es mais fortes, duradouras e consistentes. Al\u00e9m disso, os ingredientes cuidadosamente selecionados promovem uma expans\u00e3o dos tecidos cavernosos do p\u00e9nis, potenciando um efeito de aumento gradativo no seu tamanho.<\/p>\n<p class=\"text-body font-regular leading-[24px] pt-[9px] pb-[2px]\" dir=\"ltr\">Os seus efeitos incluem:<\/p>\n<ul class=\"pt-[9px] pb-[2px] pl-[24px] list-inside list-disc pt-[5px]\">\n<li class=\"text-body font-regular leading-[24px] my-[5px] [&amp;&gt;ol]:!pt-0 [&amp;&gt;ol]:!pb-0 [&amp;&gt;ul]:!pt-0 [&amp;&gt;ul]:!pb-0\" value=\"1\"><b><strong class=\"font-bold\">Ere\u00e7\u00f5es mais firmes e duradouras<\/strong><\/b><\/li>\n<li class=\"text-body font-regular leading-[24px] my-[5px] [&amp;&gt;ol]:!pt-0 [&amp;&gt;ol]:!pb-0 [&amp;&gt;ul]:!pt-0 [&amp;&gt;ul]:!pb-0\" value=\"2\"><b><strong class=\"font-bold\">Estimula\u00e7\u00e3o da libido e energia sexual<\/strong><\/b><\/li>\n<li class=\"text-body font-regular leading-[24px] my-[5px] [&amp;&gt;ol]:!pt-0 [&amp;&gt;ol]:!pb-0 [&amp;&gt;ul]:!pt-0 [&amp;&gt;ul]:!pb-0\" value=\"3\"><b><strong class=\"font-bold\">Aumento vis\u00edvel do tamanho do p\u00e9nis com uso cont\u00ednuo<\/strong><\/b><\/li>\n<li class=\"text-body font-regular leading-[24px] my-[5px] [&amp;&gt;ol]:!pt-0 [&amp;&gt;ol]:!pb-0 [&amp;&gt;ul]:!pt-0 [&amp;&gt;ul]:!pb-0\" value=\"4\"><b><strong class=\"font-bold\">Melhoria da sensibilidade e prazer durante o ato sexual<\/strong><\/b><\/li>\n<\/ul>\n<h2 class=\"font-bold text-h3 leading-[40px] pt-[21px] pb-[2px] [&amp;_a]:underline-offset-[6px] [&amp;_.underline]:underline-offset-[6px]\" dir=\"ltr\">Adenofrin &#8211; Depoimentos e Opini\u00f5es<\/h2>\n<p class=\"text-body font-regular leading-[24px] pt-[9px] pb-[2px]\" dir=\"ltr\">Aqui est\u00e3o algumas opini\u00f5es de homens em Portugal que j\u00e1 experimentaram o Adenofrin:<\/p>\n<p class=\"text-body font-regular leading-[24px] pt-[9px] pb-[2px]\" dir=\"ltr\"><b><strong class=\"font-bold\">Jo\u00e3o, 38 anos, Lisboa<\/strong><\/b><\/p>\n<p class=\"text-body font-regular leading-[24px] pt-[9px] pb-[2px]\" dir=\"ltr\"><i><em class=\"italic\">&#8220;Nunca fui muito confiante na minha vida \u00edntima, mas o Adenofrin mudou tudo. A qualidade das minhas ere\u00e7\u00f5es melhorou logo na primeira semana e, com o tempo, notei um aumento no tamanho do meu p\u00e9nis. Recomendo vivamente!&#8221;<\/em><\/i><\/p>\n<p class=\"text-body font-regular leading-[24px] pt-[9px] pb-[2px]\" dir=\"ltr\"><b><strong class=\"font-bold\">Miguel, 45 anos, Porto<\/strong><\/b><\/p>\n<p class=\"text-body font-regular leading-[24px] pt-[9px] pb-[2px]\" dir=\"ltr\"><i><em class=\"italic\">&#8220;Usar o Adenofrin foi uma das melhores decis\u00f5es que tomei. Percebi uma grande melhoria na minha energia sexual e a minha parceira tamb\u00e9m notou a diferen\u00e7a!&#8221;<\/em><\/i><\/p>\n<p class=\"text-body font-regular leading-[24px] pt-[9px] pb-[2px]\" dir=\"ltr\"><b><strong class=\"font-bold\">Pedro, 29 anos, \u00c9vora<\/strong><\/b><\/p>\n<p class=\"text-body font-regular leading-[24px] pt-[9px] pb-[2px]\" dir=\"ltr\"><i><em class=\"italic\">&#8220;Confesso que n\u00e3o acreditava muito em produtos como este, mas decidi dar uma chance. Estou impressionado com os resultados e j\u00e1 encomendei o segundo tubo.&#8221;<\/em><\/i><\/p>\n<h2 class=\"font-bold text-h3 leading-[40px] pt-[21px] pb-[2px] [&amp;_a]:underline-offset-[6px] [&amp;_.underline]:underline-offset-[6px]\" dir=\"ltr\">Adenofrin &#8211; Composi\u00e7\u00e3o e Ingredientes<\/h2>\n<p class=\"text-body font-regular leading-[24px] pt-[9px] pb-[2px]\" dir=\"ltr\">O sucesso do Adenofrin est\u00e1 na sua composi\u00e7\u00e3o \u00fanica, que combina ingredientes naturais de alta qualidade. Cada componente foi meticulosamente selecionado para maximizar a efic\u00e1cia e manter a seguran\u00e7a do utilizador.<\/p>\n<p class=\"text-body font-regular leading-[24px] pt-[9px] pb-[2px]\" dir=\"ltr\"><b><strong class=\"font-bold\">Ingredientes principais do Adenofrin:<\/strong><\/b><\/p>\n<ul class=\"pt-[9px] pb-[2px] pl-[24px] list-inside list-disc pt-[5px]\">\n<li class=\"text-body font-regular leading-[24px] my-[5px] [&amp;&gt;ol]:!pt-0 [&amp;&gt;ol]:!pb-0 [&amp;&gt;ul]:!pt-0 [&amp;&gt;ul]:!pb-0\" value=\"1\"><b><strong class=\"font-bold\">L-arginina<\/strong><\/b><\/li>\n<\/ul>\n<p class=\"text-body font-regular leading-[24px] pt-[9px] pb-[2px]\" dir=\"ltr\">Um amino\u00e1cido essencial que aumenta a produ\u00e7\u00e3o de \u00f3xido n\u00edtrico, melhorando a circula\u00e7\u00e3o sangu\u00ednea e, consequentemente, as ere\u00e7\u00f5es.<\/p>\n<ul class=\"pt-[9px] pb-[2px] pl-[24px] list-inside list-disc pt-[5px]\">\n<li class=\"text-body font-regular leading-[24px] my-[5px] [&amp;&gt;ol]:!pt-0 [&amp;&gt;ol]:!pb-0 [&amp;&gt;ul]:!pt-0 [&amp;&gt;ul]:!pb-0\" value=\"1\"><b><strong class=\"font-bold\">Extrato de Ginkgo Biloba<\/strong><\/b><\/li>\n<\/ul>\n<p class=\"text-body font-regular leading-[24px] pt-[9px] pb-[2px]\" dir=\"ltr\">Conhecido por melhorar a microcircula\u00e7\u00e3o, ajuda no aumento da sensibilidade e na resposta sexual.<\/p>\n<ul class=\"pt-[9px] pb-[2px] pl-[24px] list-inside list-disc pt-[5px]\">\n<li class=\"text-body font-regular leading-[24px] my-[5px] [&amp;&gt;ol]:!pt-0 [&amp;&gt;ol]:!pb-0 [&amp;&gt;ul]:!pt-0 [&amp;&gt;ul]:!pb-0\" value=\"1\"><b><strong class=\"font-bold\">Panax Ginseng<\/strong><\/b><\/li>\n<\/ul>\n<p class=\"text-body font-regular leading-[24px] pt-[9px] pb-[2px]\" dir=\"ltr\">Um estimulante natural que combate o cansa\u00e7o e promove um aumento na libido.<\/p>\n<ul class=\"pt-[9px] pb-[2px] pl-[24px] list-inside list-disc pt-[5px]\">\n<li class=\"text-body font-regular leading-[24px] my-[5px] [&amp;&gt;ol]:!pt-0 [&amp;&gt;ol]:!pb-0 [&amp;&gt;ul]:!pt-0 [&amp;&gt;ul]:!pb-0\" value=\"1\"><b><strong class=\"font-bold\">Aloe Vera<\/strong><\/b><\/li>\n<\/ul>\n<p class=\"text-body font-regular leading-[24px] pt-[9px] pb-[2px]\" dir=\"ltr\">Ajuda a suavizar a aplica\u00e7\u00e3o, protege a pele e melhora a absor\u00e7\u00e3o dos outros ingredientes.<\/p>\n<h2 class=\"font-bold text-h3 leading-[40px] pt-[21px] pb-[2px] [&amp;_a]:underline-offset-[6px] [&amp;_.underline]:underline-offset-[6px]\" dir=\"ltr\">Adenofrin &#8211; Vantagens e Resultados<\/h2>\n<p class=\"text-body font-regular leading-[24px] pt-[9px] pb-[2px]\" dir=\"ltr\">Ao optar pelo Adenofrin, os utilizadores podem esperar os seguintes benef\u00edcios:<\/p>\n<ul class=\"pt-[9px] pb-[2px] pl-[24px] list-inside list-disc pt-[5px]\">\n<li class=\"text-body font-regular leading-[24px] my-[5px] [&amp;&gt;ol]:!pt-0 [&amp;&gt;ol]:!pb-0 [&amp;&gt;ul]:!pt-0 [&amp;&gt;ul]:!pb-0\" value=\"1\">Melhora instant\u00e2nea da pot\u00eancia sexual<\/li>\n<li class=\"text-body font-regular leading-[24px] my-[5px] [&amp;&gt;ol]:!pt-0 [&amp;&gt;ol]:!pb-0 [&amp;&gt;ul]:!pt-0 [&amp;&gt;ul]:!pb-0\" value=\"2\">Incremento gradativo no tamanho do p\u00e9nis<\/li>\n<li class=\"text-body font-regular leading-[24px] my-[5px] [&amp;&gt;ol]:!pt-0 [&amp;&gt;ol]:!pb-0 [&amp;&gt;ul]:!pt-0 [&amp;&gt;ul]:!pb-0\" value=\"3\">Melhoria da confian\u00e7a e autoestima na vida \u00edntima<\/li>\n<li class=\"text-body font-regular leading-[24px] my-[5px] [&amp;&gt;ol]:!pt-0 [&amp;&gt;ol]:!pb-0 [&amp;&gt;ul]:!pt-0 [&amp;&gt;ul]:!pb-0\" value=\"4\">Aus\u00eancia de irrita\u00e7\u00f5es ou rea\u00e7\u00f5es adversas<\/li>\n<li class=\"text-body font-regular leading-[24px] my-[5px] [&amp;&gt;ol]:!pt-0 [&amp;&gt;ol]:!pb-0 [&amp;&gt;ul]:!pt-0 [&amp;&gt;ul]:!pb-0\" value=\"5\">F\u00e1cil aplica\u00e7\u00e3o e resultados vis\u00edveis em poucas semanas<\/li>\n<\/ul>\n<h2 class=\"font-bold text-h3 leading-[40px] pt-[21px] pb-[2px] [&amp;_a]:underline-offset-[6px] [&amp;_.underline]:underline-offset-[6px]\" dir=\"ltr\">Onde Comprar Adenofrin em Portugal?<\/h2>\n<p class=\"text-body font-regular leading-[24px] pt-[9px] pb-[2px]\" dir=\"ltr\">Atualmente, o Adenofrin est\u00e1 dispon\u00edvel apenas em farm\u00e1cias que trabalham diretamente com o fabricante sob contrato exclusivo. Essa estrat\u00e9gia garante a autenticidade do produto e um servi\u00e7o confi\u00e1vel.<\/p>\n<p class=\"text-body font-regular leading-[24px] pt-[9px] pb-[2px]\" dir=\"ltr\">Para adquirir o Adenofrin, basta clicar no bot\u00e3o &#8220;Adicionar&#8221;, preencher o formul\u00e1rio e escolher o m\u00e9todo de envio e pagamento mais conveniente para si.<\/p>\n<p class=\"text-body font-regular leading-[24px] pt-[9px] pb-[2px]\" dir=\"ltr\"><b><strong class=\"font-bold\">Entrega r\u00e1pida:<\/strong><\/b> O produto \u00e9 geralmente entregue em 24-72 horas e o pagamento s\u00f3 \u00e9 realizado no momento da entrega.<\/p>\n<h2 class=\"font-bold text-h3 leading-[40px] pt-[21px] pb-[2px] [&amp;_a]:underline-offset-[6px] [&amp;_.underline]:underline-offset-[6px]\" dir=\"ltr\">Quanto custa o Adenofrin? Pre\u00e7o<\/h2>\n<p class=\"text-body font-regular leading-[24px] pt-[9px] pb-[2px]\" dir=\"ltr\">O pre\u00e7o do Adenofrin \u00e9 normalmente <b><strong class=\"font-bold\">78 euros<\/strong><\/b>, mas neste momento est\u00e1 em promo\u00e7\u00e3o. Na nossa p\u00e1gina oficial, pode obt\u00ea-lo com um desconto de <b><strong class=\"font-bold\">50%<\/strong><\/b>, enquanto os stocks durarem.<\/p>\n<p class=\"text-body font-regular leading-[24px] pt-[9px] pb-[2px]\" dir=\"ltr\"><b><strong class=\"font-bold\">Aten\u00e7\u00e3o:<\/strong><\/b> Devido \u00e0 alta procura, os stocks preferenciais s\u00e3o limitados. N\u00e3o perca esta oportunidade para adquirir o Adenofrin!<\/p>\n<h2 class=\"font-bold text-h3 leading-[40px] pt-[21px] pb-[2px] [&amp;_a]:underline-offset-[6px] [&amp;_.underline]:underline-offset-[6px]\" dir=\"ltr\">Como usar o Adenofrin? Instru\u00e7\u00f5es de uso<\/h2>\n<p class=\"text-body font-regular leading-[24px] pt-[9px] pb-[2px]\" dir=\"ltr\">Para obter os melhores resultados, siga estas instru\u00e7\u00f5es detalhadas de aplica\u00e7\u00e3o:<\/p>\n<ol class=\"pt-[9px] pb-[2px] pl-[24px] list-inside list-decimal\">\n<li class=\"text-body font-regular leading-[24px] my-[5px] [&amp;&gt;ol]:!pt-0 [&amp;&gt;ol]:!pb-0 [&amp;&gt;ul]:!pt-0 [&amp;&gt;ul]:!pb-0\" value=\"1\">Lave e seque bem a \u00e1rea genital antes de aplicar o produto.<\/li>\n<li class=\"text-body font-regular leading-[24px] my-[5px] [&amp;&gt;ol]:!pt-0 [&amp;&gt;ol]:!pb-0 [&amp;&gt;ul]:!pt-0 [&amp;&gt;ul]:!pb-0\" value=\"2\">Aplique uma pequena quantidade de creme-gel na palma da m\u00e3o.<\/li>\n<li class=\"text-body font-regular leading-[24px] my-[5px] [&amp;&gt;ol]:!pt-0 [&amp;&gt;ol]:!pb-0 [&amp;&gt;ul]:!pt-0 [&amp;&gt;ul]:!pb-0\" value=\"3\">Massaje suavemente na pele da \u00e1rea alvo at\u00e9 que o creme seja totalmente absorvido.<\/li>\n<li class=\"text-body font-regular leading-[24px] my-[5px] [&amp;&gt;ol]:!pt-0 [&amp;&gt;ol]:!pb-0 [&amp;&gt;ul]:!pt-0 [&amp;&gt;ul]:!pb-0\" value=\"4\">Use o Adenofrin diariamente, de prefer\u00eancia \u00e0 mesma hora, para melhores resultados.<\/li>\n<\/ol>\n<p class=\"text-body font-regular leading-[24px] pt-[9px] pb-[2px]\" dir=\"ltr\"><b><strong class=\"font-bold\">Nota:<\/strong><\/b> O Adenofrin n\u00e3o \u00e9 gorduroso e n\u00e3o deixar\u00e1 res\u00edduos ou manchar\u00e1 roupas, garantindo conforto m\u00e1ximo.<\/p>\n<h2 class=\"font-bold text-h3 leading-[40px] pt-[21px] pb-[2px] [&amp;_a]:underline-offset-[6px] [&amp;_.underline]:underline-offset-[6px]\" dir=\"ltr\">Adenofrin &#8211; Contraindica\u00e7\u00f5es e Efeitos Colaterais<\/h2>\n<p class=\"text-body font-regular leading-[24px] pt-[9px] pb-[2px]\" dir=\"ltr\">Uma das principais vantagens do Adenofrin \u00e9 que ele n\u00e3o apresenta efeitos colaterais conhecidos. A f\u00f3rmula natural foi clinicamente testada para garantir seguran\u00e7a e compatibilidade com a maioria dos utilizadores.<\/p>\n<p class=\"text-body font-regular leading-[24px] pt-[9px] pb-[2px]\" dir=\"ltr\">No entanto, caso tenha alergia a algum dos ingredientes listados, recomenda-se consultar um m\u00e9dico antes de come\u00e7ar a usar o produto.<\/p>\n","protected":false},"excerpt":{"rendered":"<p>O Adenofrin \u00e9 um creme-gel desenvolvido especificamente para apoiar a sa\u00fade masculina e proporcionar benef\u00edcios duplos. Ele n\u00e3o s\u00f3 melhora a pot\u00eancia sexual, como tamb\u00e9m contribui para o aumento do p\u00e9nis. Este produto foi formulado para ajudar os homens a alcan\u00e7ar maior confian\u00e7a e satisfa\u00e7\u00e3o na sua vida \u00edntima, trabalhando de forma natural e eficaz.&hellip;&nbsp;<\/p>\n","protected":false},"featured_media":81,"template":"","meta":{"neve_meta_sidebar":"","neve_meta_container":"","neve_meta_enable_content_width":"off","neve_meta_content_width":100,"neve_meta_title_alignment":"","neve_meta_author_avatar":"","neve_post_elements_order":"","neve_meta_disable_header":"","neve_meta_disable_footer":"","neve_meta_disable_title":"","iawp_total_views":240},"product_brand":[],"product_cat":[18],"product_tag":[],"class_list":{"0":"post-80","1":"product","2":"type-product","3":"status-publish","4":"has-post-thumbnail","6":"product_cat-potencia","8":"first","9":"instock","10":"sale","11":"shipping-taxable","12":"purchasable","13":"product-type-simple"},"yoast_head":"<!-- This site is optimized with the Yoast SEO plugin v27.6 - https:\/\/yoast.com\/product\/yoast-seo-wordpress\/ -->\n<title>Adenofrin - Farm&aacute;cia Online<\/title>\n<meta name=\"robots\" content=\"index, follow, max-snippet:-1, max-image-preview:large, max-video-preview:-1\" \/>\n<link rel=\"canonical\" href=\"https:\/\/www.gfimedicine.com\/farmacia\/produto\/adenofrin\/\" \/>\n<meta property=\"og:locale\" content=\"pt_PT\" \/>\n<meta property=\"og:type\" content=\"article\" \/>\n<meta property=\"og:title\" content=\"Adenofrin - Farm&aacute;cia Online\" \/>\n<meta property=\"og:description\" content=\"O Adenofrin \u00e9 um creme-gel desenvolvido especificamente para apoiar a sa\u00fade masculina e proporcionar benef\u00edcios duplos. Ele n\u00e3o s\u00f3 melhora a pot\u00eancia sexual, como tamb\u00e9m contribui para o aumento do p\u00e9nis. Este produto foi formulado para ajudar os homens a alcan\u00e7ar maior confian\u00e7a e satisfa\u00e7\u00e3o na sua vida \u00edntima, trabalhando de forma natural e eficaz.&hellip;&nbsp;\" \/>\n<meta property=\"og:url\" content=\"https:\/\/www.gfimedicine.com\/farmacia\/produto\/adenofrin\/\" \/>\n<meta property=\"og:site_name\" content=\"Farm&aacute;cia Online\" \/>\n<meta property=\"og:image\" content=\"https:\/\/www.gfimedicine.com\/farmacia\/wp-content\/uploads\/2025\/05\/adenofrin-cream.jpg\" \/>\n\t<meta property=\"og:image:width\" content=\"250\" \/>\n\t<meta property=\"og:image:height\" content=\"300\" \/>\n\t<meta property=\"og:image:type\" content=\"image\/jpeg\" \/>\n<meta name=\"twitter:card\" content=\"summary_large_image\" \/>\n<meta name=\"twitter:label1\" content=\"Tempo estimado de leitura\" \/>\n\t<meta name=\"twitter:data1\" content=\"5 minutos\" \/>\n<script type=\"application\/ld+json\" class=\"yoast-schema-graph\">{\"@context\":\"https:\\\/\\\/schema.org\",\"@graph\":[{\"@type\":\"WebPage\",\"@id\":\"https:\\\/\\\/www.gfimedicine.com\\\/farmacia\\\/produto\\\/adenofrin\\\/\",\"url\":\"https:\\\/\\\/www.gfimedicine.com\\\/farmacia\\\/produto\\\/adenofrin\\\/\",\"name\":\"Adenofrin - Farm&aacute;cia Online\",\"isPartOf\":{\"@id\":\"https:\\\/\\\/www.gfimedicine.com\\\/farmacia\\\/#website\"},\"primaryImageOfPage\":{\"@id\":\"https:\\\/\\\/www.gfimedicine.com\\\/farmacia\\\/produto\\\/adenofrin\\\/#primaryimage\"},\"image\":{\"@id\":\"https:\\\/\\\/www.gfimedicine.com\\\/farmacia\\\/produto\\\/adenofrin\\\/#primaryimage\"},\"thumbnailUrl\":\"https:\\\/\\\/www.gfimedicine.com\\\/farmacia\\\/wp-content\\\/uploads\\\/2025\\\/05\\\/adenofrin-cream.jpg\",\"datePublished\":\"2025-05-08T14:28:13+00:00\",\"breadcrumb\":{\"@id\":\"https:\\\/\\\/www.gfimedicine.com\\\/farmacia\\\/produto\\\/adenofrin\\\/#breadcrumb\"},\"inLanguage\":\"pt-PT\",\"potentialAction\":[{\"@type\":\"ReadAction\",\"target\":[\"https:\\\/\\\/www.gfimedicine.com\\\/farmacia\\\/produto\\\/adenofrin\\\/\"]}]},{\"@type\":\"ImageObject\",\"inLanguage\":\"pt-PT\",\"@id\":\"https:\\\/\\\/www.gfimedicine.com\\\/farmacia\\\/produto\\\/adenofrin\\\/#primaryimage\",\"url\":\"https:\\\/\\\/www.gfimedicine.com\\\/farmacia\\\/wp-content\\\/uploads\\\/2025\\\/05\\\/adenofrin-cream.jpg\",\"contentUrl\":\"https:\\\/\\\/www.gfimedicine.com\\\/farmacia\\\/wp-content\\\/uploads\\\/2025\\\/05\\\/adenofrin-cream.jpg\",\"width\":250,\"height\":300,\"caption\":\"adenofrin\"},{\"@type\":\"BreadcrumbList\",\"@id\":\"https:\\\/\\\/www.gfimedicine.com\\\/farmacia\\\/produto\\\/adenofrin\\\/#breadcrumb\",\"itemListElement\":[{\"@type\":\"ListItem\",\"position\":1,\"name\":\"In\u00edcio\",\"item\":\"https:\\\/\\\/www.gfimedicine.com\\\/farmacia\\\/\"},{\"@type\":\"ListItem\",\"position\":2,\"name\":\"Farm\u00e1cia\",\"item\":\"https:\\\/\\\/www.gfimedicine.com\\\/farmacia\\\/\"},{\"@type\":\"ListItem\",\"position\":3,\"name\":\"Adenofrin\"}]},{\"@type\":\"WebSite\",\"@id\":\"https:\\\/\\\/www.gfimedicine.com\\\/farmacia\\\/#website\",\"url\":\"https:\\\/\\\/www.gfimedicine.com\\\/farmacia\\\/\",\"name\":\"Farm&aacute;cia Online\",\"description\":\"\",\"potentialAction\":[{\"@type\":\"SearchAction\",\"target\":{\"@type\":\"EntryPoint\",\"urlTemplate\":\"https:\\\/\\\/www.gfimedicine.com\\\/farmacia\\\/?s={search_term_string}\"},\"query-input\":{\"@type\":\"PropertyValueSpecification\",\"valueRequired\":true,\"valueName\":\"search_term_string\"}}],\"inLanguage\":\"pt-PT\"}]}<\/script>\n<!-- \/ Yoast SEO plugin. -->","yoast_head_json":{"title":"Adenofrin - Farm&aacute;cia Online","robots":{"index":"index","follow":"follow","max-snippet":"max-snippet:-1","max-image-preview":"max-image-preview:large","max-video-preview":"max-video-preview:-1"},"canonical":"https:\/\/www.gfimedicine.com\/farmacia\/produto\/adenofrin\/","og_locale":"pt_PT","og_type":"article","og_title":"Adenofrin - Farm&aacute;cia Online","og_description":"O Adenofrin \u00e9 um creme-gel desenvolvido especificamente para apoiar a sa\u00fade masculina e proporcionar benef\u00edcios duplos. Ele n\u00e3o s\u00f3 melhora a pot\u00eancia sexual, como tamb\u00e9m contribui para o aumento do p\u00e9nis. Este produto foi formulado para ajudar os homens a alcan\u00e7ar maior confian\u00e7a e satisfa\u00e7\u00e3o na sua vida \u00edntima, trabalhando de forma natural e eficaz.&hellip;&nbsp;","og_url":"https:\/\/www.gfimedicine.com\/farmacia\/produto\/adenofrin\/","og_site_name":"Farm&aacute;cia Online","og_image":[{"width":250,"height":300,"url":"https:\/\/www.gfimedicine.com\/farmacia\/wp-content\/uploads\/2025\/05\/adenofrin-cream.jpg","type":"image\/jpeg"}],"twitter_card":"summary_large_image","twitter_misc":{"Tempo estimado de leitura":"5 minutos"},"schema":{"@context":"https:\/\/schema.org","@graph":[{"@type":"WebPage","@id":"https:\/\/www.gfimedicine.com\/farmacia\/produto\/adenofrin\/","url":"https:\/\/www.gfimedicine.com\/farmacia\/produto\/adenofrin\/","name":"Adenofrin - Farm&aacute;cia Online","isPartOf":{"@id":"https:\/\/www.gfimedicine.com\/farmacia\/#website"},"primaryImageOfPage":{"@id":"https:\/\/www.gfimedicine.com\/farmacia\/produto\/adenofrin\/#primaryimage"},"image":{"@id":"https:\/\/www.gfimedicine.com\/farmacia\/produto\/adenofrin\/#primaryimage"},"thumbnailUrl":"https:\/\/www.gfimedicine.com\/farmacia\/wp-content\/uploads\/2025\/05\/adenofrin-cream.jpg","datePublished":"2025-05-08T14:28:13+00:00","breadcrumb":{"@id":"https:\/\/www.gfimedicine.com\/farmacia\/produto\/adenofrin\/#breadcrumb"},"inLanguage":"pt-PT","potentialAction":[{"@type":"ReadAction","target":["https:\/\/www.gfimedicine.com\/farmacia\/produto\/adenofrin\/"]}]},{"@type":"ImageObject","inLanguage":"pt-PT","@id":"https:\/\/www.gfimedicine.com\/farmacia\/produto\/adenofrin\/#primaryimage","url":"https:\/\/www.gfimedicine.com\/farmacia\/wp-content\/uploads\/2025\/05\/adenofrin-cream.jpg","contentUrl":"https:\/\/www.gfimedicine.com\/farmacia\/wp-content\/uploads\/2025\/05\/adenofrin-cream.jpg","width":250,"height":300,"caption":"adenofrin"},{"@type":"BreadcrumbList","@id":"https:\/\/www.gfimedicine.com\/farmacia\/produto\/adenofrin\/#breadcrumb","itemListElement":[{"@type":"ListItem","position":1,"name":"In\u00edcio","item":"https:\/\/www.gfimedicine.com\/farmacia\/"},{"@type":"ListItem","position":2,"name":"Farm\u00e1cia","item":"https:\/\/www.gfimedicine.com\/farmacia\/"},{"@type":"ListItem","position":3,"name":"Adenofrin"}]},{"@type":"WebSite","@id":"https:\/\/www.gfimedicine.com\/farmacia\/#website","url":"https:\/\/www.gfimedicine.com\/farmacia\/","name":"Farm&aacute;cia Online","description":"","potentialAction":[{"@type":"SearchAction","target":{"@type":"EntryPoint","urlTemplate":"https:\/\/www.gfimedicine.com\/farmacia\/?s={search_term_string}"},"query-input":{"@type":"PropertyValueSpecification","valueRequired":true,"valueName":"search_term_string"}}],"inLanguage":"pt-PT"}]}},"_links":{"self":[{"href":"https:\/\/www.gfimedicine.com\/farmacia\/wp-json\/wp\/v2\/product\/80","targetHints":{"allow":["GET"]}}],"collection":[{"href":"https:\/\/www.gfimedicine.com\/farmacia\/wp-json\/wp\/v2\/product"}],"about":[{"href":"https:\/\/www.gfimedicine.com\/farmacia\/wp-json\/wp\/v2\/types\/product"}],"wp:featuredmedia":[{"embeddable":true,"href":"https:\/\/www.gfimedicine.com\/farmacia\/wp-json\/wp\/v2\/media\/81"}],"wp:attachment":[{"href":"https:\/\/www.gfimedicine.com\/farmacia\/wp-json\/wp\/v2\/media?parent=80"}],"wp:term":[{"taxonomy":"product_brand","embeddable":true,"href":"https:\/\/www.gfimedicine.com\/farmacia\/wp-json\/wp\/v2\/product_brand?post=80"},{"taxonomy":"product_cat","embeddable":true,"href":"https:\/\/www.gfimedicine.com\/farmacia\/wp-json\/wp\/v2\/product_cat?post=80"},{"taxonomy":"product_tag","embeddable":true,"href":"https:\/\/www.gfimedicine.com\/farmacia\/wp-json\/wp\/v2\/product_tag?post=80"}],"curies":[{"name":"wp","href":"https:\/\/api.w.org\/{rel}","templated":true}]}}