{"id":66,"date":"2025-05-08T14:01:23","date_gmt":"2025-05-08T14:01:23","guid":{"rendered":"https:\/\/www.gfimedicine.com\/farmacia\/?post_type=product&#038;p=66"},"modified":"2025-05-08T14:01:23","modified_gmt":"2025-05-08T14:01:23","slug":"toxofil","status":"publish","type":"product","link":"https:\/\/www.gfimedicine.com\/farmacia\/produto\/toxofil\/","title":{"rendered":"Toxofil"},"content":{"rendered":"<p class=\"text-body font-regular leading-[24px] pt-[9px] pb-[2px]\" dir=\"ltr\">Toxofil \u00e9 um suplemento em c\u00e1psulas projetado especificamente para combater doen\u00e7as gastrointestinais. Pode ser utilizado tanto para tratar problemas j\u00e1 existentes quanto para prevenir que apare\u00e7am complica\u00e7\u00f5es futuras no sistema digestivo. O objetivo principal de Toxofil \u00e9 proporcionar al\u00edvio dos sintomas e melhorar a sa\u00fade geral dos \u00f3rg\u00e3os digestivos, agindo como um escudo para o seu corpo.<\/p>\n<h2 class=\"font-bold text-h3 leading-[40px] pt-[21px] pb-[2px] [&amp;_a]:underline-offset-[6px] [&amp;_.underline]:underline-offset-[6px]\" dir=\"ltr\">Como funciona o Toxofil?<\/h2>\n<p class=\"text-body font-regular leading-[24px] pt-[9px] pb-[2px]\" dir=\"ltr\">Toxofil foi desenvolvido para ajudar a restaurar o equil\u00edbrio do sistema digestivo. Ele atua no trato gastrointestinal ao eliminar toxinas acumuladas, promover a regenera\u00e7\u00e3o das mucosas e fortalecer as fun\u00e7\u00f5es naturais do intestino. Al\u00e9m disso, garante uma melhor absor\u00e7\u00e3o de nutrientes, contribuindo para o bem-estar geral. Usu\u00e1rios frequentemente relatam al\u00edvio significativo do desconforto abdominal, incha\u00e7o e m\u00e1 digest\u00e3o.<\/p>\n<h2 class=\"font-bold text-h3 leading-[40px] pt-[21px] pb-[2px] [&amp;_a]:underline-offset-[6px] [&amp;_.underline]:underline-offset-[6px]\" dir=\"ltr\">Toxofil &#8211; Depoimentos e Opini\u00f5es<\/h2>\n<p class=\"text-body font-regular leading-[24px] pt-[9px] pb-[2px]\" dir=\"ltr\">Aqui est\u00e3o algumas opini\u00f5es de quem j\u00e1 experimentou o Toxofil em Portugal:<\/p>\n<ol class=\"pt-[9px] pb-[2px] pl-[24px] list-inside list-decimal\">\n<li class=\"text-body font-regular leading-[24px] my-[5px] [&amp;&gt;ol]:!pt-0 [&amp;&gt;ol]:!pb-0 [&amp;&gt;ul]:!pt-0 [&amp;&gt;ul]:!pb-0\" value=\"1\"><b><strong class=\"font-bold\">Maria Silva, Coimbra:<\/strong><\/b><\/li>\n<\/ol>\n<p class=\"text-body font-regular leading-[24px] pt-[9px] pb-[2px]\" dir=\"ltr\">\u201cSofria de problemas constantes como incha\u00e7o e dores no est\u00f4mago ap\u00f3s as refei\u00e7\u00f5es. Desde que comecei a tomar Toxofil, senti uma diferen\u00e7a enorme. \u00c9 f\u00e1cil de usar e realmente funciona.\u201d<\/p>\n<ol class=\"pt-[9px] pb-[2px] pl-[24px] list-inside list-decimal\" start=\"2\">\n<li class=\"text-body font-regular leading-[24px] my-[5px] [&amp;&gt;ol]:!pt-0 [&amp;&gt;ol]:!pb-0 [&amp;&gt;ul]:!pt-0 [&amp;&gt;ul]:!pb-0\" value=\"2\"><b><strong class=\"font-bold\">Jo\u00e3o Mendes, Lisboa:<\/strong><\/b><\/li>\n<\/ol>\n<p class=\"text-body font-regular leading-[24px] pt-[9px] pb-[2px]\" dir=\"ltr\">\u201cEstava c\u00e9tico, mas o meu m\u00e9dico recomendou o Toxofil. Depois de algumas semanas, comecei a sentir-me muito melhor. N\u00e3o s\u00f3 ajudou na minha digest\u00e3o, como tamb\u00e9m me sinto mais disposto.\u201d<\/p>\n<ol class=\"pt-[9px] pb-[2px] pl-[24px] list-inside list-decimal\" start=\"3\">\n<li class=\"text-body font-regular leading-[24px] my-[5px] [&amp;&gt;ol]:!pt-0 [&amp;&gt;ol]:!pb-0 [&amp;&gt;ul]:!pt-0 [&amp;&gt;ul]:!pb-0\" value=\"3\"><b><strong class=\"font-bold\">Ana Rodrigues, Porto:<\/strong><\/b><\/li>\n<\/ol>\n<p class=\"text-body font-regular leading-[24px] pt-[9px] pb-[2px]\" dir=\"ltr\">\u201cSempre tive problemas de refluxo e gastrite. Ap\u00f3s usar Toxofil, vejo uma grande melhora. Recomendo para todos.\u201d<\/p>\n<h2 class=\"font-bold text-h3 leading-[40px] pt-[21px] pb-[2px] [&amp;_a]:underline-offset-[6px] [&amp;_.underline]:underline-offset-[6px]\" dir=\"ltr\">Toxofil &#8211; Composi\u00e7\u00e3o e Ingredientes<\/h2>\n<p class=\"text-body font-regular leading-[24px] pt-[9px] pb-[2px]\" dir=\"ltr\">Toxofil cont\u00e9m uma sele\u00e7\u00e3o de ingredientes cuidadosamente escolhidos para garantir efic\u00e1cia e seguran\u00e7a. Abaixo, explicamos cada um deles:<\/p>\n<ul class=\"pt-[9px] pb-[2px] pl-[24px] list-inside list-disc pt-[5px]\">\n<li class=\"text-body font-regular leading-[24px] my-[5px] [&amp;&gt;ol]:!pt-0 [&amp;&gt;ol]:!pb-0 [&amp;&gt;ul]:!pt-0 [&amp;&gt;ul]:!pb-0\" value=\"1\"><b><strong class=\"font-bold\">Extrato de Aloe Vera:<\/strong><\/b> Conhecido pelas suas propriedades anti-inflamat\u00f3rias e calmantes, promove a regenera\u00e7\u00e3o das mucosas no trato digestivo e reduz irrita\u00e7\u00f5es.<\/li>\n<li class=\"text-body font-regular leading-[24px] my-[5px] [&amp;&gt;ol]:!pt-0 [&amp;&gt;ol]:!pb-0 [&amp;&gt;ul]:!pt-0 [&amp;&gt;ul]:!pb-0\" value=\"2\"><b><strong class=\"font-bold\">Camomila:<\/strong><\/b> Alivia desconfortos estomacais e contribui para a redu\u00e7\u00e3o de c\u00f3licas.<\/li>\n<li class=\"text-body font-regular leading-[24px] my-[5px] [&amp;&gt;ol]:!pt-0 [&amp;&gt;ol]:!pb-0 [&amp;&gt;ul]:!pt-0 [&amp;&gt;ul]:!pb-0\" value=\"3\"><b><strong class=\"font-bold\">Fibra de Psyllium:<\/strong><\/b> Ajuda a regular o tr\u00e2nsito intestinal e promove uma limpeza natural do c\u00f3lon.<\/li>\n<li class=\"text-body font-regular leading-[24px] my-[5px] [&amp;&gt;ol]:!pt-0 [&amp;&gt;ol]:!pb-0 [&amp;&gt;ul]:!pt-0 [&amp;&gt;ul]:!pb-0\" value=\"4\"><b><strong class=\"font-bold\">Extrato de Hortel\u00e3:<\/strong><\/b> Facilita a digest\u00e3o, reduz gases e proporciona uma sensa\u00e7\u00e3o refrescante ao trato digestivo.<\/li>\n<li class=\"text-body font-regular leading-[24px] my-[5px] [&amp;&gt;ol]:!pt-0 [&amp;&gt;ol]:!pb-0 [&amp;&gt;ul]:!pt-0 [&amp;&gt;ul]:!pb-0\" value=\"5\"><b><strong class=\"font-bold\">Lactobacillus Acidophilus:<\/strong><\/b> Este probi\u00f3tico apoia a sa\u00fade intestinal ao equilibrar a microbiota, melhorando a absor\u00e7\u00e3o de nutrientes.<\/li>\n<\/ul>\n<h2 class=\"font-bold text-h3 leading-[40px] pt-[21px] pb-[2px] [&amp;_a]:underline-offset-[6px] [&amp;_.underline]:underline-offset-[6px]\" dir=\"ltr\">Toxofil &#8211; Vantagens e Resultados<\/h2>\n<p class=\"text-body font-regular leading-[24px] pt-[9px] pb-[2px]\" dir=\"ltr\">Os benef\u00edcios de utilizar Toxofil v\u00e3o muito al\u00e9m do al\u00edvio imediato de sintomas gastrointestinais. Entre as vantagens est\u00e3o:<\/p>\n<ul class=\"pt-[9px] pb-[2px] pl-[24px] list-inside list-disc pt-[5px]\">\n<li class=\"text-body font-regular leading-[24px] my-[5px] [&amp;&gt;ol]:!pt-0 [&amp;&gt;ol]:!pb-0 [&amp;&gt;ul]:!pt-0 [&amp;&gt;ul]:!pb-0\" value=\"1\">Redu\u00e7\u00e3o de dores no est\u00f4mago e incha\u00e7o.<\/li>\n<li class=\"text-body font-regular leading-[24px] my-[5px] [&amp;&gt;ol]:!pt-0 [&amp;&gt;ol]:!pb-0 [&amp;&gt;ul]:!pt-0 [&amp;&gt;ul]:!pb-0\" value=\"2\">Melhor digest\u00e3o e elimina\u00e7\u00e3o de toxinas.<\/li>\n<li class=\"text-body font-regular leading-[24px] my-[5px] [&amp;&gt;ol]:!pt-0 [&amp;&gt;ol]:!pb-0 [&amp;&gt;ul]:!pt-0 [&amp;&gt;ul]:!pb-0\" value=\"3\">Refor\u00e7o das defesas naturais do sistema digestivo.<\/li>\n<li class=\"text-body font-regular leading-[24px] my-[5px] [&amp;&gt;ol]:!pt-0 [&amp;&gt;ol]:!pb-0 [&amp;&gt;ul]:!pt-0 [&amp;&gt;ul]:!pb-0\" value=\"4\">Aumenta a energia e promove um bem-estar geral.<\/li>\n<li class=\"text-body font-regular leading-[24px] my-[5px] [&amp;&gt;ol]:!pt-0 [&amp;&gt;ol]:!pb-0 [&amp;&gt;ul]:!pt-0 [&amp;&gt;ul]:!pb-0\" value=\"5\">F\u00e1cil de usar e adapt\u00e1vel a qualquer rotina.<\/li>\n<\/ul>\n<h2 class=\"font-bold text-h3 leading-[40px] pt-[21px] pb-[2px] [&amp;_a]:underline-offset-[6px] [&amp;_.underline]:underline-offset-[6px]\" dir=\"ltr\">Onde Comprar Toxofil em Portugal?<\/h2>\n<p class=\"text-body font-regular leading-[24px] pt-[9px] pb-[2px]\" dir=\"ltr\">Atualmente, Toxofil est\u00e1 dispon\u00edvel em quantidades limitadas e apenas em farm\u00e1cias selecionadas em Portugal que possuem um contrato exclusivo com o fabricante. Para garantir o acesso ao produto original, recomendamos adquiri-lo diretamente na nossa farm\u00e1cia parceira.<\/p>\n<p class=\"text-body font-regular leading-[24px] pt-[9px] pb-[2px]\" dir=\"ltr\"><b><strong class=\"font-bold\">Processo de Compra:<\/strong><\/b><\/p>\n<ul class=\"pt-[9px] pb-[2px] pl-[24px] list-inside list-disc pt-[5px]\">\n<li class=\"text-body font-regular leading-[24px] my-[5px] [&amp;&gt;ol]:!pt-0 [&amp;&gt;ol]:!pb-0 [&amp;&gt;ul]:!pt-0 [&amp;&gt;ul]:!pb-0\" value=\"1\">Clique no bot\u00e3o &#8220;Naru\u010di&#8221;.<\/li>\n<li class=\"text-body font-regular leading-[24px] my-[5px] [&amp;&gt;ol]:!pt-0 [&amp;&gt;ol]:!pb-0 [&amp;&gt;ul]:!pt-0 [&amp;&gt;ul]:!pb-0\" value=\"2\">Preencha o formul\u00e1rio com os seus dados.<\/li>\n<li class=\"text-body font-regular leading-[24px] my-[5px] [&amp;&gt;ol]:!pt-0 [&amp;&gt;ol]:!pb-0 [&amp;&gt;ul]:!pt-0 [&amp;&gt;ul]:!pb-0\" value=\"3\">Escolha um m\u00e9todo de envio e pagamento conveniente para si.<\/li>\n<li class=\"text-body font-regular leading-[24px] my-[5px] [&amp;&gt;ol]:!pt-0 [&amp;&gt;ol]:!pb-0 [&amp;&gt;ul]:!pt-0 [&amp;&gt;ul]:!pb-0\" value=\"4\"><b><strong class=\"font-bold\">Entrega:<\/strong><\/b> A entrega \u00e9 r\u00e1pida, geralmente em 24 a 72 horas, e o pagamento \u00e9 feito apenas depois de receber o produto.<\/li>\n<\/ul>\n<h2 class=\"font-bold text-h3 leading-[40px] pt-[21px] pb-[2px] [&amp;_a]:underline-offset-[6px] [&amp;_.underline]:underline-offset-[6px]\" dir=\"ltr\">Quanto custa o Toxofil? Pre\u00e7o<\/h2>\n<p class=\"text-body font-regular leading-[24px] pt-[9px] pb-[2px]\" dir=\"ltr\">O pre\u00e7o do Toxofil \u00e9 de 78 euros. No entanto, no momento, estamos a oferecer <b><strong class=\"font-bold\">50% de desconto<\/strong><\/b> por tempo limitado. Voc\u00ea pode adquirir o Toxofil por apenas <b><strong class=\"font-bold\">39 euros<\/strong><\/b>, enquanto durar o estoque promocional.<\/p>\n<p class=\"text-body font-regular leading-[24px] pt-[9px] pb-[2px]\" dir=\"ltr\"><b><strong class=\"font-bold\">Aten\u00e7\u00e3o:<\/strong><\/b> Devido \u00e0 grande popularidade, a oferta est\u00e1 limitada, ent\u00e3o aproveite a oportunidade enquanto ainda est\u00e1 dispon\u00edvel.<\/p>\n<h2 class=\"font-bold text-h3 leading-[40px] pt-[21px] pb-[2px] [&amp;_a]:underline-offset-[6px] [&amp;_.underline]:underline-offset-[6px]\" dir=\"ltr\">Como usar o Toxofil? Instru\u00e7\u00f5es de uso<\/h2>\n<p class=\"text-body font-regular leading-[24px] pt-[9px] pb-[2px]\" dir=\"ltr\">O Toxofil \u00e9 extremamente f\u00e1cil de integrar \u00e0 sua rotina di\u00e1ria. Estas s\u00e3o as instru\u00e7\u00f5es de uso recomendadas para melhores resultados:<\/p>\n<ol class=\"pt-[9px] pb-[2px] pl-[24px] list-inside list-decimal\">\n<li class=\"text-body font-regular leading-[24px] my-[5px] [&amp;&gt;ol]:!pt-0 [&amp;&gt;ol]:!pb-0 [&amp;&gt;ul]:!pt-0 [&amp;&gt;ul]:!pb-0\" value=\"1\">Tome <b><strong class=\"font-bold\">1 c\u00e1psula duas vezes por dia<\/strong><\/b> com um copo de \u00e1gua, de prefer\u00eancia antes das refei\u00e7\u00f5es.<\/li>\n<li class=\"text-body font-regular leading-[24px] my-[5px] [&amp;&gt;ol]:!pt-0 [&amp;&gt;ol]:!pb-0 [&amp;&gt;ul]:!pt-0 [&amp;&gt;ul]:!pb-0\" value=\"2\">Mantenha a consist\u00eancia no uso di\u00e1rio para garantir resultados \u00f3timos.<\/li>\n<li class=\"text-body font-regular leading-[24px] my-[5px] [&amp;&gt;ol]:!pt-0 [&amp;&gt;ol]:!pb-0 [&amp;&gt;ul]:!pt-0 [&amp;&gt;ul]:!pb-0\" value=\"3\">Recomenda-se um ciclo m\u00ednimo de tratamento de 30 dias, que pode ser repetido conforme necess\u00e1rio.<\/li>\n<\/ol>\n<h2 class=\"font-bold text-h3 leading-[40px] pt-[21px] pb-[2px] [&amp;_a]:underline-offset-[6px] [&amp;_.underline]:underline-offset-[6px]\" dir=\"ltr\">Toxofil &#8211; Contraindica\u00e7\u00f5es e Efeitos Colaterais<\/h2>\n<p class=\"text-body font-regular leading-[24px] pt-[9px] pb-[2px]\" dir=\"ltr\">Um dos maiores diferenciais de Toxofil \u00e9 que ele n\u00e3o apresenta efeitos colaterais conhecidos. Gra\u00e7as \u00e0 sua f\u00f3rmula natural e testada, \u00e9 seguro para a maioria das pessoas. No entanto, se estiver gr\u00e1vida, a amamentar ou tiver alergias espec\u00edficas, consulte um profissional de sa\u00fade antes de iniciar o uso.<\/p>\n","protected":false},"excerpt":{"rendered":"<p>Toxofil \u00e9 um suplemento em c\u00e1psulas projetado especificamente para combater doen\u00e7as gastrointestinais. Pode ser utilizado tanto para tratar problemas j\u00e1 existentes quanto para prevenir que apare\u00e7am complica\u00e7\u00f5es futuras no sistema digestivo. O objetivo principal de Toxofil \u00e9 proporcionar al\u00edvio dos sintomas e melhorar a sa\u00fade geral dos \u00f3rg\u00e3os digestivos, agindo como um escudo para o&hellip;&nbsp;<\/p>\n","protected":false},"featured_media":67,"template":"","meta":{"neve_meta_sidebar":"","neve_meta_container":"","neve_meta_enable_content_width":"off","neve_meta_content_width":100,"neve_meta_title_alignment":"","neve_meta_author_avatar":"","neve_post_elements_order":"","neve_meta_disable_header":"","neve_meta_disable_footer":"","neve_meta_disable_title":"","iawp_total_views":48},"product_brand":[],"product_cat":[16],"product_tag":[],"class_list":{"0":"post-66","1":"product","2":"type-product","3":"status-publish","4":"has-post-thumbnail","6":"product_cat-saude","8":"first","9":"instock","10":"sale","11":"shipping-taxable","12":"purchasable","13":"product-type-simple"},"yoast_head":"<!-- This site is optimized with the Yoast SEO plugin v27.6 - https:\/\/yoast.com\/product\/yoast-seo-wordpress\/ -->\n<title>Toxofil - Farm&aacute;cia Online<\/title>\n<meta name=\"robots\" content=\"index, follow, max-snippet:-1, max-image-preview:large, max-video-preview:-1\" \/>\n<link rel=\"canonical\" href=\"https:\/\/www.gfimedicine.com\/farmacia\/produto\/toxofil\/\" \/>\n<meta property=\"og:locale\" content=\"pt_PT\" \/>\n<meta property=\"og:type\" content=\"article\" \/>\n<meta property=\"og:title\" content=\"Toxofil - Farm&aacute;cia Online\" \/>\n<meta property=\"og:description\" content=\"Toxofil \u00e9 um suplemento em c\u00e1psulas projetado especificamente para combater doen\u00e7as gastrointestinais. Pode ser utilizado tanto para tratar problemas j\u00e1 existentes quanto para prevenir que apare\u00e7am complica\u00e7\u00f5es futuras no sistema digestivo. O objetivo principal de Toxofil \u00e9 proporcionar al\u00edvio dos sintomas e melhorar a sa\u00fade geral dos \u00f3rg\u00e3os digestivos, agindo como um escudo para o&hellip;&nbsp;\" \/>\n<meta property=\"og:url\" content=\"https:\/\/www.gfimedicine.com\/farmacia\/produto\/toxofil\/\" \/>\n<meta property=\"og:site_name\" content=\"Farm&aacute;cia Online\" \/>\n<meta property=\"og:image\" content=\"https:\/\/www.gfimedicine.com\/farmacia\/wp-content\/uploads\/2025\/05\/toxofil.jpg\" \/>\n\t<meta property=\"og:image:width\" content=\"250\" \/>\n\t<meta property=\"og:image:height\" content=\"300\" \/>\n\t<meta property=\"og:image:type\" content=\"image\/jpeg\" \/>\n<meta name=\"twitter:card\" content=\"summary_large_image\" \/>\n<meta name=\"twitter:label1\" content=\"Tempo estimado de leitura\" \/>\n\t<meta name=\"twitter:data1\" content=\"5 minutos\" \/>\n<script type=\"application\/ld+json\" class=\"yoast-schema-graph\">{\"@context\":\"https:\\\/\\\/schema.org\",\"@graph\":[{\"@type\":\"WebPage\",\"@id\":\"https:\\\/\\\/www.gfimedicine.com\\\/farmacia\\\/produto\\\/toxofil\\\/\",\"url\":\"https:\\\/\\\/www.gfimedicine.com\\\/farmacia\\\/produto\\\/toxofil\\\/\",\"name\":\"Toxofil - Farm&aacute;cia Online\",\"isPartOf\":{\"@id\":\"https:\\\/\\\/www.gfimedicine.com\\\/farmacia\\\/#website\"},\"primaryImageOfPage\":{\"@id\":\"https:\\\/\\\/www.gfimedicine.com\\\/farmacia\\\/produto\\\/toxofil\\\/#primaryimage\"},\"image\":{\"@id\":\"https:\\\/\\\/www.gfimedicine.com\\\/farmacia\\\/produto\\\/toxofil\\\/#primaryimage\"},\"thumbnailUrl\":\"https:\\\/\\\/www.gfimedicine.com\\\/farmacia\\\/wp-content\\\/uploads\\\/2025\\\/05\\\/toxofil.jpg\",\"datePublished\":\"2025-05-08T14:01:23+00:00\",\"breadcrumb\":{\"@id\":\"https:\\\/\\\/www.gfimedicine.com\\\/farmacia\\\/produto\\\/toxofil\\\/#breadcrumb\"},\"inLanguage\":\"pt-PT\",\"potentialAction\":[{\"@type\":\"ReadAction\",\"target\":[\"https:\\\/\\\/www.gfimedicine.com\\\/farmacia\\\/produto\\\/toxofil\\\/\"]}]},{\"@type\":\"ImageObject\",\"inLanguage\":\"pt-PT\",\"@id\":\"https:\\\/\\\/www.gfimedicine.com\\\/farmacia\\\/produto\\\/toxofil\\\/#primaryimage\",\"url\":\"https:\\\/\\\/www.gfimedicine.com\\\/farmacia\\\/wp-content\\\/uploads\\\/2025\\\/05\\\/toxofil.jpg\",\"contentUrl\":\"https:\\\/\\\/www.gfimedicine.com\\\/farmacia\\\/wp-content\\\/uploads\\\/2025\\\/05\\\/toxofil.jpg\",\"width\":250,\"height\":300,\"caption\":\"toxofil\"},{\"@type\":\"BreadcrumbList\",\"@id\":\"https:\\\/\\\/www.gfimedicine.com\\\/farmacia\\\/produto\\\/toxofil\\\/#breadcrumb\",\"itemListElement\":[{\"@type\":\"ListItem\",\"position\":1,\"name\":\"In\u00edcio\",\"item\":\"https:\\\/\\\/www.gfimedicine.com\\\/farmacia\\\/\"},{\"@type\":\"ListItem\",\"position\":2,\"name\":\"Farm\u00e1cia\",\"item\":\"https:\\\/\\\/www.gfimedicine.com\\\/farmacia\\\/\"},{\"@type\":\"ListItem\",\"position\":3,\"name\":\"Toxofil\"}]},{\"@type\":\"WebSite\",\"@id\":\"https:\\\/\\\/www.gfimedicine.com\\\/farmacia\\\/#website\",\"url\":\"https:\\\/\\\/www.gfimedicine.com\\\/farmacia\\\/\",\"name\":\"Farm&aacute;cia Online\",\"description\":\"\",\"potentialAction\":[{\"@type\":\"SearchAction\",\"target\":{\"@type\":\"EntryPoint\",\"urlTemplate\":\"https:\\\/\\\/www.gfimedicine.com\\\/farmacia\\\/?s={search_term_string}\"},\"query-input\":{\"@type\":\"PropertyValueSpecification\",\"valueRequired\":true,\"valueName\":\"search_term_string\"}}],\"inLanguage\":\"pt-PT\"}]}<\/script>\n<!-- \/ Yoast SEO plugin. -->","yoast_head_json":{"title":"Toxofil - Farm&aacute;cia Online","robots":{"index":"index","follow":"follow","max-snippet":"max-snippet:-1","max-image-preview":"max-image-preview:large","max-video-preview":"max-video-preview:-1"},"canonical":"https:\/\/www.gfimedicine.com\/farmacia\/produto\/toxofil\/","og_locale":"pt_PT","og_type":"article","og_title":"Toxofil - Farm&aacute;cia Online","og_description":"Toxofil \u00e9 um suplemento em c\u00e1psulas projetado especificamente para combater doen\u00e7as gastrointestinais. Pode ser utilizado tanto para tratar problemas j\u00e1 existentes quanto para prevenir que apare\u00e7am complica\u00e7\u00f5es futuras no sistema digestivo. O objetivo principal de Toxofil \u00e9 proporcionar al\u00edvio dos sintomas e melhorar a sa\u00fade geral dos \u00f3rg\u00e3os digestivos, agindo como um escudo para o&hellip;&nbsp;","og_url":"https:\/\/www.gfimedicine.com\/farmacia\/produto\/toxofil\/","og_site_name":"Farm&aacute;cia Online","og_image":[{"width":250,"height":300,"url":"https:\/\/www.gfimedicine.com\/farmacia\/wp-content\/uploads\/2025\/05\/toxofil.jpg","type":"image\/jpeg"}],"twitter_card":"summary_large_image","twitter_misc":{"Tempo estimado de leitura":"5 minutos"},"schema":{"@context":"https:\/\/schema.org","@graph":[{"@type":"WebPage","@id":"https:\/\/www.gfimedicine.com\/farmacia\/produto\/toxofil\/","url":"https:\/\/www.gfimedicine.com\/farmacia\/produto\/toxofil\/","name":"Toxofil - Farm&aacute;cia Online","isPartOf":{"@id":"https:\/\/www.gfimedicine.com\/farmacia\/#website"},"primaryImageOfPage":{"@id":"https:\/\/www.gfimedicine.com\/farmacia\/produto\/toxofil\/#primaryimage"},"image":{"@id":"https:\/\/www.gfimedicine.com\/farmacia\/produto\/toxofil\/#primaryimage"},"thumbnailUrl":"https:\/\/www.gfimedicine.com\/farmacia\/wp-content\/uploads\/2025\/05\/toxofil.jpg","datePublished":"2025-05-08T14:01:23+00:00","breadcrumb":{"@id":"https:\/\/www.gfimedicine.com\/farmacia\/produto\/toxofil\/#breadcrumb"},"inLanguage":"pt-PT","potentialAction":[{"@type":"ReadAction","target":["https:\/\/www.gfimedicine.com\/farmacia\/produto\/toxofil\/"]}]},{"@type":"ImageObject","inLanguage":"pt-PT","@id":"https:\/\/www.gfimedicine.com\/farmacia\/produto\/toxofil\/#primaryimage","url":"https:\/\/www.gfimedicine.com\/farmacia\/wp-content\/uploads\/2025\/05\/toxofil.jpg","contentUrl":"https:\/\/www.gfimedicine.com\/farmacia\/wp-content\/uploads\/2025\/05\/toxofil.jpg","width":250,"height":300,"caption":"toxofil"},{"@type":"BreadcrumbList","@id":"https:\/\/www.gfimedicine.com\/farmacia\/produto\/toxofil\/#breadcrumb","itemListElement":[{"@type":"ListItem","position":1,"name":"In\u00edcio","item":"https:\/\/www.gfimedicine.com\/farmacia\/"},{"@type":"ListItem","position":2,"name":"Farm\u00e1cia","item":"https:\/\/www.gfimedicine.com\/farmacia\/"},{"@type":"ListItem","position":3,"name":"Toxofil"}]},{"@type":"WebSite","@id":"https:\/\/www.gfimedicine.com\/farmacia\/#website","url":"https:\/\/www.gfimedicine.com\/farmacia\/","name":"Farm&aacute;cia Online","description":"","potentialAction":[{"@type":"SearchAction","target":{"@type":"EntryPoint","urlTemplate":"https:\/\/www.gfimedicine.com\/farmacia\/?s={search_term_string}"},"query-input":{"@type":"PropertyValueSpecification","valueRequired":true,"valueName":"search_term_string"}}],"inLanguage":"pt-PT"}]}},"_links":{"self":[{"href":"https:\/\/www.gfimedicine.com\/farmacia\/wp-json\/wp\/v2\/product\/66","targetHints":{"allow":["GET"]}}],"collection":[{"href":"https:\/\/www.gfimedicine.com\/farmacia\/wp-json\/wp\/v2\/product"}],"about":[{"href":"https:\/\/www.gfimedicine.com\/farmacia\/wp-json\/wp\/v2\/types\/product"}],"wp:featuredmedia":[{"embeddable":true,"href":"https:\/\/www.gfimedicine.com\/farmacia\/wp-json\/wp\/v2\/media\/67"}],"wp:attachment":[{"href":"https:\/\/www.gfimedicine.com\/farmacia\/wp-json\/wp\/v2\/media?parent=66"}],"wp:term":[{"taxonomy":"product_brand","embeddable":true,"href":"https:\/\/www.gfimedicine.com\/farmacia\/wp-json\/wp\/v2\/product_brand?post=66"},{"taxonomy":"product_cat","embeddable":true,"href":"https:\/\/www.gfimedicine.com\/farmacia\/wp-json\/wp\/v2\/product_cat?post=66"},{"taxonomy":"product_tag","embeddable":true,"href":"https:\/\/www.gfimedicine.com\/farmacia\/wp-json\/wp\/v2\/product_tag?post=66"}],"curies":[{"name":"wp","href":"https:\/\/api.w.org\/{rel}","templated":true}]}}