{"id":118,"date":"2025-05-22T14:55:44","date_gmt":"2025-05-22T14:55:44","guid":{"rendered":"https:\/\/www.gfimedicine.com\/farmacia\/?post_type=product&#038;p=118"},"modified":"2025-05-22T14:55:45","modified_gmt":"2025-05-22T14:55:45","slug":"reliver","status":"publish","type":"product","link":"https:\/\/www.gfimedicine.com\/farmacia\/produto\/reliver\/","title":{"rendered":"Reliver"},"content":{"rendered":"<p class=\"text-body font-regular leading-[24px] pt-[9px] pb-[2px]\" dir=\"ltr\">O <b><strong class=\"font-semibold\">Reliver<\/strong><\/b> \u00e9 uma c\u00e1psula formulada com ingredientes naturais, projetada para melhorar a fun\u00e7\u00e3o hep\u00e1tica. Este produto ajuda a desintoxicar o f\u00edgado, restaura a sa\u00fade das c\u00e9lulas hep\u00e1ticas e melhora o bem-estar geral. Al\u00e9m disso, ao longo do seu uso, o Reliver alivia sintomas desagrad\u00e1veis, como cansa\u00e7o extremo e mal-estar, trazendo conforto e qualidade de vida aos seus utilizadores.<\/p>\n<p class=\"text-body font-regular leading-[24px] pt-[9px] pb-[2px]\" dir=\"ltr\">Com os benef\u00edcios do Reliver, pode-se retomar o controle da sa\u00fade hep\u00e1tica, prevenir complica\u00e7\u00f5es graves e levar uma vida mais saud\u00e1vel.<\/p>\n<h2 class=\"font-semibold pdf-heading-class-replace text-h3 leading-[40px] pt-[21px] pb-[2px] [&amp;_a]:underline-offset-[6px] [&amp;_.underline]:underline-offset-[6px]\" dir=\"ltr\">Como funciona o Reliver?<\/h2>\n<p class=\"text-body font-regular leading-[24px] pt-[9px] pb-[2px]\" dir=\"ltr\">O Reliver atua diretamente na regenera\u00e7\u00e3o das c\u00e9lulas do f\u00edgado e na elimina\u00e7\u00e3o de toxinas prejudiciais ao organismo. Ao melhorar a capacidade de desintoxica\u00e7\u00e3o do f\u00edgado, o suplemento diminui o ac\u00famulo de subst\u00e2ncias nocivas no organismo, promovendo uma digest\u00e3o mais eficiente e equilibrada.<\/p>\n<p class=\"text-body font-regular leading-[24px] pt-[9px] pb-[2px]\" dir=\"ltr\">Al\u00e9m disso, os ingredientes do Reliver trabalham para reduzir inflama\u00e7\u00f5es no f\u00edgado e proteger contra danos futuros, fortalecendo as defesas naturais do corpo. Assim, ele n\u00e3o apenas melhora o estado atual do f\u00edgado, mas tamb\u00e9m evita complica\u00e7\u00f5es a longo prazo.<\/p>\n<p class=\"text-body font-regular leading-[24px] pt-[9px] pb-[2px]\" dir=\"ltr\">Este suplemento tamb\u00e9m \u00e9 eficaz no restabelecimento do apetite e no aumento da energia, ajudando a eliminar a fadiga que muitas vezes est\u00e1 associada a problemas hep\u00e1ticos.<\/p>\n<h2 class=\"font-semibold pdf-heading-class-replace text-h3 leading-[40px] pt-[21px] pb-[2px] [&amp;_a]:underline-offset-[6px] [&amp;_.underline]:underline-offset-[6px]\" dir=\"ltr\">Reliver &#8211; Depoimentos e Opini\u00f5es<\/h2>\n<p class=\"text-body font-regular leading-[24px] pt-[9px] pb-[2px]\" dir=\"ltr\"><b><strong class=\"font-semibold\">Maria de Lisboa<\/strong><\/b><\/p>\n<p class=\"text-body font-regular leading-[24px] pt-[9px] pb-[2px]\" dir=\"ltr\">&#8220;Resolvi experimentar o Reliver por recomenda\u00e7\u00e3o de um amigo, e estou muito satisfeita. J\u00e1 n\u00e3o sinto aquele cansa\u00e7o constante nem a sensa\u00e7\u00e3o de peso abdominal. Recomendo a todos que precisam de dar um cuidado especial ao f\u00edgado.&#8221;<\/p>\n<p class=\"text-body font-regular leading-[24px] pt-[9px] pb-[2px]\" dir=\"ltr\"><b><strong class=\"font-semibold\">Miguel de Porto<\/strong><\/b><\/p>\n<p class=\"text-body font-regular leading-[24px] pt-[9px] pb-[2px]\" dir=\"ltr\">&#8220;Resultados incr\u00edveis! Notei uma enorme diferen\u00e7a em poucas semanas. Minha digest\u00e3o melhorou e sinto-me mais energ\u00e9tico no dia a dia. O Reliver realmente faz o que promete.&#8221;<\/p>\n<p class=\"text-body font-regular leading-[24px] pt-[9px] pb-[2px]\" dir=\"ltr\"><b><strong class=\"font-semibold\">Ana de Faro<\/strong><\/b><\/p>\n<p class=\"text-body font-regular leading-[24px] pt-[9px] pb-[2px]\" dir=\"ltr\">&#8220;Tenho uma rotina muito corrida e acabava por negligenciar a minha sa\u00fade. O Reliver ajudou-me a recuperar o apetite e sinto-me mais leve e cheia de energia.&#8221;<\/p>\n<h2 class=\"font-semibold pdf-heading-class-replace text-h3 leading-[40px] pt-[21px] pb-[2px] [&amp;_a]:underline-offset-[6px] [&amp;_.underline]:underline-offset-[6px]\" dir=\"ltr\">Reliver &#8211; Composi\u00e7\u00e3o e Ingredientes<\/h2>\n<p class=\"text-body font-regular leading-[24px] pt-[9px] pb-[2px]\" dir=\"ltr\">O Reliver \u00e9 composto por uma combina\u00e7\u00e3o de ingredientes naturais cuidadosamente selecionados que oferecem incr\u00edveis benef\u00edcios ao f\u00edgado. Aqui est\u00e3o os seus principais componentes e como eles atuam no corpo:<\/p>\n<ul class=\"pt-[9px] pb-[2px] pl-[24px] list-disc pt-[5px]\">\n<li class=\"text-body font-regular leading-[24px] my-[5px] [&amp;&gt;ol]:!pt-0 [&amp;&gt;ol]:!pb-0 [&amp;&gt;ul]:!pt-0 [&amp;&gt;ul]:!pb-0\" value=\"1\"><b><strong class=\"font-semibold\">Extrato de Sementes de Cardo Mariano (25-30:1)<\/strong><\/b><\/li>\n<\/ul>\n<p class=\"text-body font-regular leading-[24px] pt-[9px] pb-[2px]\" dir=\"ltr\">Conhecido por suas propriedades hepatoprotetoras, ajuda na regenera\u00e7\u00e3o das c\u00e9lulas hep\u00e1ticas danificadas e melhora a fun\u00e7\u00e3o geral do f\u00edgado.<\/p>\n<ul class=\"pt-[9px] pb-[2px] pl-[24px] list-disc pt-[5px]\">\n<li class=\"text-body font-regular leading-[24px] my-[5px] [&amp;&gt;ol]:!pt-0 [&amp;&gt;ol]:!pb-0 [&amp;&gt;ul]:!pt-0 [&amp;&gt;ul]:!pb-0\" value=\"1\"><b><strong class=\"font-semibold\">Extrato de Raiz de Dente-de-le\u00e3o (4:1)<\/strong><\/b><\/li>\n<\/ul>\n<p class=\"text-body font-regular leading-[24px] pt-[9px] pb-[2px]\" dir=\"ltr\">Uma poderosa planta desintoxicante que elimina toxinas e melhora a digest\u00e3o.<\/p>\n<ul class=\"pt-[9px] pb-[2px] pl-[24px] list-disc pt-[5px]\">\n<li class=\"text-body font-regular leading-[24px] my-[5px] [&amp;&gt;ol]:!pt-0 [&amp;&gt;ol]:!pb-0 [&amp;&gt;ul]:!pt-0 [&amp;&gt;ul]:!pb-0\" value=\"1\"><b><strong class=\"font-semibold\">Extrato de Folha de Alcachofra (4:1)<\/strong><\/b><\/li>\n<\/ul>\n<p class=\"text-body font-regular leading-[24px] pt-[9px] pb-[2px]\" dir=\"ltr\">Reduz a inflama\u00e7\u00e3o no f\u00edgado e potencializa o fluxo de bile, promovendo a digest\u00e3o saud\u00e1vel de gorduras.<\/p>\n<ul class=\"pt-[9px] pb-[2px] pl-[24px] list-disc pt-[5px]\">\n<li class=\"text-body font-regular leading-[24px] my-[5px] [&amp;&gt;ol]:!pt-0 [&amp;&gt;ol]:!pb-0 [&amp;&gt;ul]:!pt-0 [&amp;&gt;ul]:!pb-0\" value=\"1\"><b><strong class=\"font-semibold\">P\u00f3 de Raiz de C\u00farcuma<\/strong><\/b><\/li>\n<\/ul>\n<p class=\"text-body font-regular leading-[24px] pt-[9px] pb-[2px]\" dir=\"ltr\">Uma especiaria anti-inflamat\u00f3ria que combate os radicais livres e protege contra danos ao f\u00edgado.<\/p>\n<ul class=\"pt-[9px] pb-[2px] pl-[24px] list-disc pt-[5px]\">\n<li class=\"text-body font-regular leading-[24px] my-[5px] [&amp;&gt;ol]:!pt-0 [&amp;&gt;ol]:!pb-0 [&amp;&gt;ul]:!pt-0 [&amp;&gt;ul]:!pb-0\" value=\"1\"><b><strong class=\"font-semibold\">Extrato de Rizoma de Gengibre (4:1)<\/strong><\/b><\/li>\n<\/ul>\n<p class=\"text-body font-regular leading-[24px] pt-[9px] pb-[2px]\" dir=\"ltr\">Facilita a digest\u00e3o, reduz inflama\u00e7\u00f5es e diminui o desconforto g\u00e1strico.<\/p>\n<ul class=\"pt-[9px] pb-[2px] pl-[24px] list-disc pt-[5px]\">\n<li class=\"text-body font-regular leading-[24px] my-[5px] [&amp;&gt;ol]:!pt-0 [&amp;&gt;ol]:!pb-0 [&amp;&gt;ul]:!pt-0 [&amp;&gt;ul]:!pb-0\" value=\"1\"><b><strong class=\"font-semibold\">Extrato de Fruto de Pimenta Preta (4:1)<\/strong><\/b><\/li>\n<\/ul>\n<p class=\"text-body font-regular leading-[24px] pt-[9px] pb-[2px]\" dir=\"ltr\">Melhora a absor\u00e7\u00e3o dos nutrientes dos outros ingredientes, garantindo uma a\u00e7\u00e3o mais eficaz.<\/p>\n<ul class=\"pt-[9px] pb-[2px] pl-[24px] list-disc pt-[5px]\">\n<li class=\"text-body font-regular leading-[24px] my-[5px] [&amp;&gt;ol]:!pt-0 [&amp;&gt;ol]:!pb-0 [&amp;&gt;ul]:!pt-0 [&amp;&gt;ul]:!pb-0\" value=\"1\"><b><strong class=\"font-semibold\">Celulose Microcristalina e Gelatina<\/strong><\/b><\/li>\n<\/ul>\n<p class=\"text-body font-regular leading-[24px] pt-[9px] pb-[2px]\" dir=\"ltr\">Apoiam a forma\u00e7\u00e3o das c\u00e1psulas e garantem a pureza do produto.<\/p>\n<ul class=\"pt-[9px] pb-[2px] pl-[24px] list-disc pt-[5px]\">\n<li class=\"text-body font-regular leading-[24px] my-[5px] [&amp;&gt;ol]:!pt-0 [&amp;&gt;ol]:!pb-0 [&amp;&gt;ul]:!pt-0 [&amp;&gt;ul]:!pb-0\" value=\"1\"><b><strong class=\"font-semibold\">Sais de Magn\u00e9sio de \u00c1cidos Graxos<\/strong><\/b><\/li>\n<\/ul>\n<p class=\"text-body font-regular leading-[24px] pt-[9px] pb-[2px]\" dir=\"ltr\">Servem como agentes estabilizadores e garantem a integridade do suplemento.<\/p>\n<h2 class=\"font-semibold pdf-heading-class-replace text-h3 leading-[40px] pt-[21px] pb-[2px] [&amp;_a]:underline-offset-[6px] [&amp;_.underline]:underline-offset-[6px]\" dir=\"ltr\">Reliver &#8211; Vantagens e Resultados<\/h2>\n<p class=\"text-body font-regular leading-[24px] pt-[9px] pb-[2px]\" dir=\"ltr\"><b><strong class=\"font-semibold\">Vantagens do Reliver:<\/strong><\/b><\/p>\n<ul class=\"pt-[9px] pb-[2px] pl-[24px] list-disc pt-[5px]\">\n<li class=\"text-body font-regular leading-[24px] my-[5px] [&amp;&gt;ol]:!pt-0 [&amp;&gt;ol]:!pb-0 [&amp;&gt;ul]:!pt-0 [&amp;&gt;ul]:!pb-0\" value=\"1\">Limpeza eficaz do f\u00edgado, eliminando toxinas acumuladas.<\/li>\n<li class=\"text-body font-regular leading-[24px] my-[5px] [&amp;&gt;ol]:!pt-0 [&amp;&gt;ol]:!pb-0 [&amp;&gt;ul]:!pt-0 [&amp;&gt;ul]:!pb-0\" value=\"2\">Regenera\u00e7\u00e3o das c\u00e9lulas hep\u00e1ticas, promovendo a sa\u00fade a longo prazo.<\/li>\n<li class=\"text-body font-regular leading-[24px] my-[5px] [&amp;&gt;ol]:!pt-0 [&amp;&gt;ol]:!pb-0 [&amp;&gt;ul]:!pt-0 [&amp;&gt;ul]:!pb-0\" value=\"3\">Al\u00edvio de sintomas desagrad\u00e1veis, como n\u00e1useas e dores abdominais.<\/li>\n<li class=\"text-body font-regular leading-[24px] my-[5px] [&amp;&gt;ol]:!pt-0 [&amp;&gt;ol]:!pb-0 [&amp;&gt;ul]:!pt-0 [&amp;&gt;ul]:!pb-0\" value=\"4\">Melhora na digest\u00e3o e no apetite.<\/li>\n<li class=\"text-body font-regular leading-[24px] my-[5px] [&amp;&gt;ol]:!pt-0 [&amp;&gt;ol]:!pb-0 [&amp;&gt;ul]:!pt-0 [&amp;&gt;ul]:!pb-0\" value=\"5\">Aumento significativo da energia e vitalidade no dia a dia.<\/li>\n<\/ul>\n<p class=\"text-body font-regular leading-[24px] pt-[9px] pb-[2px]\" dir=\"ltr\"><b><strong class=\"font-semibold\">Resultados vis\u00edveis com Reliver:<\/strong><\/b><\/p>\n<p class=\"text-body font-regular leading-[24px] pt-[9px] pb-[2px]\" dir=\"ltr\">Utilizadores frequentemente relatam melhorias not\u00e1veis nas primeiras semanas de uso, com destaque para redu\u00e7\u00e3o do desconforto g\u00e1strico, aumento da disposi\u00e7\u00e3o e uma sensa\u00e7\u00e3o geral de leveza e bem-estar.<\/p>\n<h2 class=\"font-semibold pdf-heading-class-replace text-h3 leading-[40px] pt-[21px] pb-[2px] [&amp;_a]:underline-offset-[6px] [&amp;_.underline]:underline-offset-[6px]\" dir=\"ltr\">Onde Comprar Reliver em Portugal?<\/h2>\n<p class=\"text-body font-regular leading-[24px] pt-[9px] pb-[2px]\" dir=\"ltr\">O Reliver est\u00e1 dispon\u00edvel exclusivamente em farm\u00e1cias que trabalham diretamente com o fabricante, garantindo a autenticidade do produto e um servi\u00e7o confi\u00e1vel.<\/p>\n<p class=\"text-body font-regular leading-[24px] pt-[9px] pb-[2px]\" dir=\"ltr\">Para comprar, basta clicar no bot\u00e3o &#8220;Adicionar&#8221;, preencher o formul\u00e1rio e selecionar o m\u00e9todo de envio e pagamento mais conveniente para si.<\/p>\n<p class=\"text-body font-regular leading-[24px] pt-[9px] pb-[2px]\" dir=\"ltr\"><b><strong class=\"font-semibold\">Entrega r\u00e1pida:<\/strong><\/b> O envio \u00e9 conclu\u00eddo em 24-72 horas, e paga apenas quando receber o produto na sua morada.<\/p>\n<h2 class=\"font-semibold pdf-heading-class-replace text-h3 leading-[40px] pt-[21px] pb-[2px] [&amp;_a]:underline-offset-[6px] [&amp;_.underline]:underline-offset-[6px]\" dir=\"ltr\">Quanto custa o Reliver? Pre\u00e7o<\/h2>\n<p class=\"text-body font-regular leading-[24px] pt-[9px] pb-[2px]\" dir=\"ltr\">O pre\u00e7o original do Reliver \u00e9 <b><strong class=\"font-semibold\">78 euros<\/strong><\/b>, mas atualmente, existe uma promo\u00e7\u00e3o especial no nosso site! Oferecemos um desconto de <b><strong class=\"font-semibold\">50%<\/strong><\/b>, reduzindo o pre\u00e7o para apenas <b><strong class=\"font-semibold\">39 euros<\/strong><\/b> enquanto durarem os estoques.<\/p>\n<p class=\"text-body font-regular leading-[24px] pt-[9px] pb-[2px]\" dir=\"ltr\">Aproveite esta oportunidade antes que as promo\u00e7\u00f5es terminem e garanta o cuidado que o seu f\u00edgado merece.<\/p>\n<h2 class=\"font-semibold pdf-heading-class-replace text-h3 leading-[40px] pt-[21px] pb-[2px] [&amp;_a]:underline-offset-[6px] [&amp;_.underline]:underline-offset-[6px]\" dir=\"ltr\">Como usar o Reliver?<\/h2>\n<p class=\"text-body font-regular leading-[24px] pt-[9px] pb-[2px]\" dir=\"ltr\">Recomenda-se tomar 1-2 c\u00e1psulas por dia, de prefer\u00eancia durante as refei\u00e7\u00f5es, com um copo de \u00e1gua. Siga sempre as instru\u00e7\u00f5es contidas na embalagem do produto e, se necess\u00e1rio, consulte um profissional de sa\u00fade antes de iniciar o uso.<\/p>\n<h2 class=\"font-semibold pdf-heading-class-replace text-h3 leading-[40px] pt-[21px] pb-[2px] [&amp;_a]:underline-offset-[6px] [&amp;_.underline]:underline-offset-[6px]\" dir=\"ltr\">Reliver &#8211; Contraindica\u00e7\u00f5es e Efeitos Colaterais<\/h2>\n<p class=\"text-body font-regular leading-[24px] pt-[9px] pb-[2px]\" dir=\"ltr\">O Reliver \u00e9 formulado apenas com ingredientes naturais, o que o torna seguro para a maioria das pessoas. N\u00e3o foram reportados efeitos colaterais associados ao seu uso. No entanto, gr\u00e1vidas, lactantes ou pessoas com alergias espec\u00edficas a algum ingrediente devem consultar um m\u00e9dico antes de usar o produto.<\/p>\n","protected":false},"excerpt":{"rendered":"<p>O Reliver \u00e9 uma c\u00e1psula formulada com ingredientes naturais, projetada para melhorar a fun\u00e7\u00e3o hep\u00e1tica. Este produto ajuda a desintoxicar o f\u00edgado, restaura a sa\u00fade das c\u00e9lulas hep\u00e1ticas e melhora o bem-estar geral. Al\u00e9m disso, ao longo do seu uso, o Reliver alivia sintomas desagrad\u00e1veis, como cansa\u00e7o extremo e mal-estar, trazendo conforto e qualidade de&hellip;&nbsp;<\/p>\n","protected":false},"featured_media":119,"template":"","meta":{"neve_meta_sidebar":"","neve_meta_container":"","neve_meta_enable_content_width":"off","neve_meta_content_width":100,"neve_meta_title_alignment":"","neve_meta_author_avatar":"","neve_post_elements_order":"","neve_meta_disable_header":"","neve_meta_disable_footer":"","neve_meta_disable_title":"","iawp_total_views":2},"product_brand":[],"product_cat":[16],"product_tag":[],"class_list":{"0":"post-118","1":"product","2":"type-product","3":"status-publish","4":"has-post-thumbnail","6":"product_cat-saude","8":"first","9":"instock","10":"sale","11":"shipping-taxable","12":"purchasable","13":"product-type-simple"},"yoast_head":"<!-- This site is optimized with the Yoast SEO plugin v27.6 - https:\/\/yoast.com\/product\/yoast-seo-wordpress\/ -->\n<title>Reliver - Farm&aacute;cia Online<\/title>\n<meta name=\"robots\" content=\"index, follow, max-snippet:-1, max-image-preview:large, max-video-preview:-1\" \/>\n<link rel=\"canonical\" href=\"https:\/\/www.gfimedicine.com\/farmacia\/produto\/reliver\/\" \/>\n<meta property=\"og:locale\" content=\"pt_PT\" \/>\n<meta property=\"og:type\" content=\"article\" \/>\n<meta property=\"og:title\" content=\"Reliver - Farm&aacute;cia Online\" \/>\n<meta property=\"og:description\" content=\"O Reliver \u00e9 uma c\u00e1psula formulada com ingredientes naturais, projetada para melhorar a fun\u00e7\u00e3o hep\u00e1tica. Este produto ajuda a desintoxicar o f\u00edgado, restaura a sa\u00fade das c\u00e9lulas hep\u00e1ticas e melhora o bem-estar geral. Al\u00e9m disso, ao longo do seu uso, o Reliver alivia sintomas desagrad\u00e1veis, como cansa\u00e7o extremo e mal-estar, trazendo conforto e qualidade de&hellip;&nbsp;\" \/>\n<meta property=\"og:url\" content=\"https:\/\/www.gfimedicine.com\/farmacia\/produto\/reliver\/\" \/>\n<meta property=\"og:site_name\" content=\"Farm&aacute;cia Online\" \/>\n<meta property=\"article:modified_time\" content=\"2025-05-22T14:55:45+00:00\" \/>\n<meta property=\"og:image\" content=\"https:\/\/www.gfimedicine.com\/farmacia\/wp-content\/uploads\/2025\/05\/reliver.jpg\" \/>\n\t<meta property=\"og:image:width\" content=\"250\" \/>\n\t<meta property=\"og:image:height\" content=\"300\" \/>\n\t<meta property=\"og:image:type\" content=\"image\/jpeg\" \/>\n<meta name=\"twitter:card\" content=\"summary_large_image\" \/>\n<meta name=\"twitter:label1\" content=\"Tempo estimado de leitura\" \/>\n\t<meta name=\"twitter:data1\" content=\"4 minutos\" \/>\n<script type=\"application\/ld+json\" class=\"yoast-schema-graph\">{\"@context\":\"https:\\\/\\\/schema.org\",\"@graph\":[{\"@type\":\"WebPage\",\"@id\":\"https:\\\/\\\/www.gfimedicine.com\\\/farmacia\\\/produto\\\/reliver\\\/\",\"url\":\"https:\\\/\\\/www.gfimedicine.com\\\/farmacia\\\/produto\\\/reliver\\\/\",\"name\":\"Reliver - Farm&aacute;cia Online\",\"isPartOf\":{\"@id\":\"https:\\\/\\\/www.gfimedicine.com\\\/farmacia\\\/#website\"},\"primaryImageOfPage\":{\"@id\":\"https:\\\/\\\/www.gfimedicine.com\\\/farmacia\\\/produto\\\/reliver\\\/#primaryimage\"},\"image\":{\"@id\":\"https:\\\/\\\/www.gfimedicine.com\\\/farmacia\\\/produto\\\/reliver\\\/#primaryimage\"},\"thumbnailUrl\":\"https:\\\/\\\/www.gfimedicine.com\\\/farmacia\\\/wp-content\\\/uploads\\\/2025\\\/05\\\/reliver.jpg\",\"datePublished\":\"2025-05-22T14:55:44+00:00\",\"dateModified\":\"2025-05-22T14:55:45+00:00\",\"breadcrumb\":{\"@id\":\"https:\\\/\\\/www.gfimedicine.com\\\/farmacia\\\/produto\\\/reliver\\\/#breadcrumb\"},\"inLanguage\":\"pt-PT\",\"potentialAction\":[{\"@type\":\"ReadAction\",\"target\":[\"https:\\\/\\\/www.gfimedicine.com\\\/farmacia\\\/produto\\\/reliver\\\/\"]}]},{\"@type\":\"ImageObject\",\"inLanguage\":\"pt-PT\",\"@id\":\"https:\\\/\\\/www.gfimedicine.com\\\/farmacia\\\/produto\\\/reliver\\\/#primaryimage\",\"url\":\"https:\\\/\\\/www.gfimedicine.com\\\/farmacia\\\/wp-content\\\/uploads\\\/2025\\\/05\\\/reliver.jpg\",\"contentUrl\":\"https:\\\/\\\/www.gfimedicine.com\\\/farmacia\\\/wp-content\\\/uploads\\\/2025\\\/05\\\/reliver.jpg\",\"width\":250,\"height\":300,\"caption\":\"reliver\"},{\"@type\":\"BreadcrumbList\",\"@id\":\"https:\\\/\\\/www.gfimedicine.com\\\/farmacia\\\/produto\\\/reliver\\\/#breadcrumb\",\"itemListElement\":[{\"@type\":\"ListItem\",\"position\":1,\"name\":\"In\u00edcio\",\"item\":\"https:\\\/\\\/www.gfimedicine.com\\\/farmacia\\\/\"},{\"@type\":\"ListItem\",\"position\":2,\"name\":\"Farm\u00e1cia\",\"item\":\"https:\\\/\\\/www.gfimedicine.com\\\/farmacia\\\/\"},{\"@type\":\"ListItem\",\"position\":3,\"name\":\"Reliver\"}]},{\"@type\":\"WebSite\",\"@id\":\"https:\\\/\\\/www.gfimedicine.com\\\/farmacia\\\/#website\",\"url\":\"https:\\\/\\\/www.gfimedicine.com\\\/farmacia\\\/\",\"name\":\"Farm&aacute;cia Online\",\"description\":\"\",\"potentialAction\":[{\"@type\":\"SearchAction\",\"target\":{\"@type\":\"EntryPoint\",\"urlTemplate\":\"https:\\\/\\\/www.gfimedicine.com\\\/farmacia\\\/?s={search_term_string}\"},\"query-input\":{\"@type\":\"PropertyValueSpecification\",\"valueRequired\":true,\"valueName\":\"search_term_string\"}}],\"inLanguage\":\"pt-PT\"}]}<\/script>\n<!-- \/ Yoast SEO plugin. -->","yoast_head_json":{"title":"Reliver - Farm&aacute;cia Online","robots":{"index":"index","follow":"follow","max-snippet":"max-snippet:-1","max-image-preview":"max-image-preview:large","max-video-preview":"max-video-preview:-1"},"canonical":"https:\/\/www.gfimedicine.com\/farmacia\/produto\/reliver\/","og_locale":"pt_PT","og_type":"article","og_title":"Reliver - Farm&aacute;cia Online","og_description":"O Reliver \u00e9 uma c\u00e1psula formulada com ingredientes naturais, projetada para melhorar a fun\u00e7\u00e3o hep\u00e1tica. Este produto ajuda a desintoxicar o f\u00edgado, restaura a sa\u00fade das c\u00e9lulas hep\u00e1ticas e melhora o bem-estar geral. Al\u00e9m disso, ao longo do seu uso, o Reliver alivia sintomas desagrad\u00e1veis, como cansa\u00e7o extremo e mal-estar, trazendo conforto e qualidade de&hellip;&nbsp;","og_url":"https:\/\/www.gfimedicine.com\/farmacia\/produto\/reliver\/","og_site_name":"Farm&aacute;cia Online","article_modified_time":"2025-05-22T14:55:45+00:00","og_image":[{"width":250,"height":300,"url":"https:\/\/www.gfimedicine.com\/farmacia\/wp-content\/uploads\/2025\/05\/reliver.jpg","type":"image\/jpeg"}],"twitter_card":"summary_large_image","twitter_misc":{"Tempo estimado de leitura":"4 minutos"},"schema":{"@context":"https:\/\/schema.org","@graph":[{"@type":"WebPage","@id":"https:\/\/www.gfimedicine.com\/farmacia\/produto\/reliver\/","url":"https:\/\/www.gfimedicine.com\/farmacia\/produto\/reliver\/","name":"Reliver - Farm&aacute;cia Online","isPartOf":{"@id":"https:\/\/www.gfimedicine.com\/farmacia\/#website"},"primaryImageOfPage":{"@id":"https:\/\/www.gfimedicine.com\/farmacia\/produto\/reliver\/#primaryimage"},"image":{"@id":"https:\/\/www.gfimedicine.com\/farmacia\/produto\/reliver\/#primaryimage"},"thumbnailUrl":"https:\/\/www.gfimedicine.com\/farmacia\/wp-content\/uploads\/2025\/05\/reliver.jpg","datePublished":"2025-05-22T14:55:44+00:00","dateModified":"2025-05-22T14:55:45+00:00","breadcrumb":{"@id":"https:\/\/www.gfimedicine.com\/farmacia\/produto\/reliver\/#breadcrumb"},"inLanguage":"pt-PT","potentialAction":[{"@type":"ReadAction","target":["https:\/\/www.gfimedicine.com\/farmacia\/produto\/reliver\/"]}]},{"@type":"ImageObject","inLanguage":"pt-PT","@id":"https:\/\/www.gfimedicine.com\/farmacia\/produto\/reliver\/#primaryimage","url":"https:\/\/www.gfimedicine.com\/farmacia\/wp-content\/uploads\/2025\/05\/reliver.jpg","contentUrl":"https:\/\/www.gfimedicine.com\/farmacia\/wp-content\/uploads\/2025\/05\/reliver.jpg","width":250,"height":300,"caption":"reliver"},{"@type":"BreadcrumbList","@id":"https:\/\/www.gfimedicine.com\/farmacia\/produto\/reliver\/#breadcrumb","itemListElement":[{"@type":"ListItem","position":1,"name":"In\u00edcio","item":"https:\/\/www.gfimedicine.com\/farmacia\/"},{"@type":"ListItem","position":2,"name":"Farm\u00e1cia","item":"https:\/\/www.gfimedicine.com\/farmacia\/"},{"@type":"ListItem","position":3,"name":"Reliver"}]},{"@type":"WebSite","@id":"https:\/\/www.gfimedicine.com\/farmacia\/#website","url":"https:\/\/www.gfimedicine.com\/farmacia\/","name":"Farm&aacute;cia Online","description":"","potentialAction":[{"@type":"SearchAction","target":{"@type":"EntryPoint","urlTemplate":"https:\/\/www.gfimedicine.com\/farmacia\/?s={search_term_string}"},"query-input":{"@type":"PropertyValueSpecification","valueRequired":true,"valueName":"search_term_string"}}],"inLanguage":"pt-PT"}]}},"_links":{"self":[{"href":"https:\/\/www.gfimedicine.com\/farmacia\/wp-json\/wp\/v2\/product\/118","targetHints":{"allow":["GET"]}}],"collection":[{"href":"https:\/\/www.gfimedicine.com\/farmacia\/wp-json\/wp\/v2\/product"}],"about":[{"href":"https:\/\/www.gfimedicine.com\/farmacia\/wp-json\/wp\/v2\/types\/product"}],"wp:featuredmedia":[{"embeddable":true,"href":"https:\/\/www.gfimedicine.com\/farmacia\/wp-json\/wp\/v2\/media\/119"}],"wp:attachment":[{"href":"https:\/\/www.gfimedicine.com\/farmacia\/wp-json\/wp\/v2\/media?parent=118"}],"wp:term":[{"taxonomy":"product_brand","embeddable":true,"href":"https:\/\/www.gfimedicine.com\/farmacia\/wp-json\/wp\/v2\/product_brand?post=118"},{"taxonomy":"product_cat","embeddable":true,"href":"https:\/\/www.gfimedicine.com\/farmacia\/wp-json\/wp\/v2\/product_cat?post=118"},{"taxonomy":"product_tag","embeddable":true,"href":"https:\/\/www.gfimedicine.com\/farmacia\/wp-json\/wp\/v2\/product_tag?post=118"}],"curies":[{"name":"wp","href":"https:\/\/api.w.org\/{rel}","templated":true}]}}