{"id":105,"date":"2025-05-15T07:58:44","date_gmt":"2025-05-15T07:58:44","guid":{"rendered":"https:\/\/www.gfimedicine.com\/farmacia\/?post_type=product&#038;p=105"},"modified":"2025-05-15T07:58:44","modified_gmt":"2025-05-15T07:58:44","slug":"big-size","status":"publish","type":"product","link":"https:\/\/www.gfimedicine.com\/farmacia\/produto\/big-size\/","title":{"rendered":"Big Size"},"content":{"rendered":"<p class=\"text-body font-regular leading-[24px] pt-[9px] pb-[2px]\" dir=\"ltr\">Big Size \u00e9 um produto natural desenvolvido para promover uma melhor qualidade de vida \u00edntima masculina. Ele atua de forma eficaz para estimular a circula\u00e7\u00e3o sangu\u00ednea adequada, promovendo resultados vis\u00edveis e de longa dura\u00e7\u00e3o no aumento do \u00f3rg\u00e3o genital masculino, bem como na melhoria da pot\u00eancia sexual.<\/p>\n<p class=\"text-body font-regular leading-[24px] pt-[9px] pb-[2px]\" dir=\"ltr\">Al\u00e9m disso, Big Size n\u00e3o causa depend\u00eancia nem efeitos colaterais indesejados, o que o torna uma solu\u00e7\u00e3o segura e confi\u00e1vel para os homens que desejam elevar a sua confian\u00e7a e desempenho sexual.<\/p>\n<h2 class=\"font-semibold text-h3 leading-[40px] pt-[21px] pb-[2px] [&amp;_a]:underline-offset-[6px] [&amp;_.underline]:underline-offset-[6px]\" dir=\"ltr\">Como funciona o Big Size?<\/h2>\n<p class=\"text-body font-regular leading-[24px] pt-[9px] pb-[2px]\" dir=\"ltr\">Big Size atua sobre os vasos sangu\u00edneos do \u00f3rg\u00e3o genital masculino, promovendo um melhor fluxo sangu\u00edneo. Isso \u00e9 poss\u00edvel porque seus componentes naturais trabalham para relaxar os m\u00fasculos lisos do tecido cavernoso. Dessa forma, o sangue flui livremente para a \u00e1rea, o que n\u00e3o s\u00f3 aumenta as suas dimens\u00f5es, como tamb\u00e9m melhora a for\u00e7a e dura\u00e7\u00e3o das ere\u00e7\u00f5es.<\/p>\n<p class=\"text-body font-regular leading-[24px] pt-[9px] pb-[2px]\" dir=\"ltr\">Outro benef\u00edcio impressionante \u00e9 que Big Size \u00e9 100% natural, possibilitando resultados graduais e satisfat\u00f3rios de forma totalmente segura e sem efeitos colaterais.<\/p>\n<h2 class=\"font-semibold text-h3 leading-[40px] pt-[21px] pb-[2px] [&amp;_a]:underline-offset-[6px] [&amp;_.underline]:underline-offset-[6px]\" dir=\"ltr\">Big Size &#8211; Depoimentos e Opini\u00f5es<\/h2>\n<h3 class=\"font-semibold text-h4 leading-[30px] pt-[15px] pb-[2px] [&amp;_a]:underline-offset-[6px] [&amp;_.underline]:underline-offset-[6px]\" dir=\"ltr\">Jo\u00e3o P. &#8211; 42 anos, Lisboa<\/h3>\n<p class=\"text-body font-regular leading-[24px] pt-[9px] pb-[2px]\" dir=\"ltr\">&#8220;Comecei a usar Big Size com um pouco de receio, mas os resultados me surpreenderam! Minha energia e confian\u00e7a durante os momentos \u00edntimos melhoraram muito, e minha parceira tamb\u00e9m notou a diferen\u00e7a. Recomendo a todos.&#8221;<\/p>\n<h3 class=\"font-semibold text-h4 leading-[30px] pt-[15px] pb-[2px] [&amp;_a]:underline-offset-[6px] [&amp;_.underline]:underline-offset-[6px]\" dir=\"ltr\">Lu\u00eds M. &#8211; 35 anos, Porto<\/h3>\n<p class=\"text-body font-regular leading-[24px] pt-[9px] pb-[2px]\" dir=\"ltr\">&#8220;Simplesmente fant\u00e1stico! Notei uma melhoria consider\u00e1vel em poucas semanas. Big Size realmente oferece resultados concretos e sem efeitos colaterais. Vale cada c\u00eantimo.&#8221;<\/p>\n<h3 class=\"font-semibold text-h4 leading-[30px] pt-[15px] pb-[2px] [&amp;_a]:underline-offset-[6px] [&amp;_.underline]:underline-offset-[6px]\" dir=\"ltr\">Rafael T. &#8211; 39 anos, Braga<\/h3>\n<p class=\"text-body font-regular leading-[24px] pt-[9px] pb-[2px]\" dir=\"ltr\">&#8220;J\u00e1 testei muitos produtos antes, mas Big Size \u00e9 o \u00fanico que realmente funcionou. Gostei principalmente por ser natural e seguro. Estou muito satisfeito!&#8221;<\/p>\n<h2 class=\"font-semibold text-h3 leading-[40px] pt-[21px] pb-[2px] [&amp;_a]:underline-offset-[6px] [&amp;_.underline]:underline-offset-[6px]\" dir=\"ltr\">Big Size &#8211; Composi\u00e7\u00e3o e Ingredientes<\/h2>\n<p class=\"text-body font-regular leading-[24px] pt-[9px] pb-[2px]\" dir=\"ltr\">Big Size \u00e9 produzido a partir de ingredientes cuidadosamente selecionados que trazem in\u00fameros benef\u00edcios \u00e0 sa\u00fade masculina. Veja como cada componente contribui para o seu bem-estar:<\/p>\n<ul class=\"pt-[9px] pb-[2px] pl-[24px] list-inside list-disc pt-[5px]\">\n<li class=\"text-body font-regular leading-[24px] my-[5px] [&amp;&gt;ol]:!pt-0 [&amp;&gt;ol]:!pb-0 [&amp;&gt;ul]:!pt-0 [&amp;&gt;ul]:!pb-0\" value=\"1\"><b><strong class=\"font-semibold\">Extrato de Centella Asi\u00e1tica (Centella Asiatica):<\/strong><\/b> Estimula a circula\u00e7\u00e3o sangu\u00ednea e melhora a elasticidade dos vasos. Tamb\u00e9m promove um efeito calmante, preparando o organismo para o desempenho.<\/li>\n<li class=\"text-body font-regular leading-[24px] my-[5px] [&amp;&gt;ol]:!pt-0 [&amp;&gt;ol]:!pb-0 [&amp;&gt;ul]:!pt-0 [&amp;&gt;ul]:!pb-0\" value=\"2\"><b><strong class=\"font-semibold\">Extrato de folhas de Oliveira Europeia (Olea Europea):<\/strong><\/b> Rico em antioxidantes, combate os radicais livres e melhora a sa\u00fade cardiovascular, essencial para uma circula\u00e7\u00e3o sangu\u00ednea eficiente.<\/li>\n<li class=\"text-body font-regular leading-[24px] my-[5px] [&amp;&gt;ol]:!pt-0 [&amp;&gt;ol]:!pb-0 [&amp;&gt;ul]:!pt-0 [&amp;&gt;ul]:!pb-0\" value=\"3\"><b><strong class=\"font-semibold\">Mentol (Menthol):<\/strong><\/b> Oferece uma sensa\u00e7\u00e3o refrescante e melhora a absor\u00e7\u00e3o dos outros ingredientes.<\/li>\n<li class=\"text-body font-regular leading-[24px] my-[5px] [&amp;&gt;ol]:!pt-0 [&amp;&gt;ol]:!pb-0 [&amp;&gt;ul]:!pt-0 [&amp;&gt;ul]:!pb-0\" value=\"4\"><b><strong class=\"font-semibold\">Resina de Ac\u00e1cia Senegal (Acacia Senegal):<\/strong><\/b> Ajuda na regenera\u00e7\u00e3o celular, fortalecendo as paredes dos vasos sangu\u00edneos.<\/li>\n<\/ul>\n<h2 class=\"font-semibold text-h3 leading-[40px] pt-[21px] pb-[2px] [&amp;_a]:underline-offset-[6px] [&amp;_.underline]:underline-offset-[6px]\" dir=\"ltr\">Big Size &#8211; Vantagens e Resultados<\/h2>\n<p class=\"text-body font-regular leading-[24px] pt-[9px] pb-[2px]\" dir=\"ltr\">Ao optar pelo Big Size, os homens podem desfrutar de in\u00fameros benef\u00edcios, como:<\/p>\n<ul class=\"pt-[9px] pb-[2px] pl-[24px] list-inside list-disc pt-[5px]\">\n<li class=\"text-body font-regular leading-[24px] my-[5px] [&amp;&gt;ol]:!pt-0 [&amp;&gt;ol]:!pb-0 [&amp;&gt;ul]:!pt-0 [&amp;&gt;ul]:!pb-0\" value=\"1\"><b><strong class=\"font-semibold\">Melhoria na circula\u00e7\u00e3o sangu\u00ednea:<\/strong><\/b> Contribui diretamente para uma ere\u00e7\u00e3o firme e duradoura.<\/li>\n<li class=\"text-body font-regular leading-[24px] my-[5px] [&amp;&gt;ol]:!pt-0 [&amp;&gt;ol]:!pb-0 [&amp;&gt;ul]:!pt-0 [&amp;&gt;ul]:!pb-0\" value=\"2\"><b><strong class=\"font-semibold\">Estimula\u00e7\u00e3o natural do aumento peniano:<\/strong><\/b> O produto promove resultados visuais com consist\u00eancia.<\/li>\n<li class=\"text-body font-regular leading-[24px] my-[5px] [&amp;&gt;ol]:!pt-0 [&amp;&gt;ol]:!pb-0 [&amp;&gt;ul]:!pt-0 [&amp;&gt;ul]:!pb-0\" value=\"3\"><b><strong class=\"font-semibold\">Confian\u00e7a elevada:<\/strong><\/b> Gra\u00e7as \u00e0 efic\u00e1cia do produto, a autoestima \u00e9 notoriamente elevada.<\/li>\n<li class=\"text-body font-regular leading-[24px] my-[5px] [&amp;&gt;ol]:!pt-0 [&amp;&gt;ol]:!pb-0 [&amp;&gt;ul]:!pt-0 [&amp;&gt;ul]:!pb-0\" value=\"4\"><b><strong class=\"font-semibold\">Aus\u00eancia de efeitos colaterais:<\/strong><\/b> A f\u00f3rmula natural assegura seguran\u00e7a total no uso cont\u00ednuo.<\/li>\n<\/ul>\n<h2 class=\"font-semibold text-h3 leading-[40px] pt-[21px] pb-[2px] [&amp;_a]:underline-offset-[6px] [&amp;_.underline]:underline-offset-[6px]\" dir=\"ltr\">Onde Comprar Big Size em Portugal?<\/h2>\n<p class=\"text-body font-regular leading-[24px] pt-[9px] pb-[2px]\" dir=\"ltr\">Atualmente, o Big Size s\u00f3 est\u00e1 dispon\u00edvel em farm\u00e1cias que trabalham diretamente com o fabricante. Isso garante a autenticidade do produto e um servi\u00e7o confi\u00e1vel para nossos clientes.<\/p>\n<p class=\"text-body font-regular leading-[24px] pt-[9px] pb-[2px]\" dir=\"ltr\"><b><strong class=\"font-semibold\">Como adquirir Big Size:<\/strong><\/b><\/p>\n<ol class=\"pt-[9px] pb-[2px] pl-[24px] list-inside list-decimal\">\n<li class=\"text-body font-regular leading-[24px] my-[5px] [&amp;&gt;ol]:!pt-0 [&amp;&gt;ol]:!pb-0 [&amp;&gt;ul]:!pt-0 [&amp;&gt;ul]:!pb-0\" value=\"1\">Clique no bot\u00e3o &#8220;Adicionar&#8221;;<\/li>\n<li class=\"text-body font-regular leading-[24px] my-[5px] [&amp;&gt;ol]:!pt-0 [&amp;&gt;ol]:!pb-0 [&amp;&gt;ul]:!pt-0 [&amp;&gt;ul]:!pb-0\" value=\"2\">Preencha o formul\u00e1rio com seus dados;<\/li>\n<li class=\"text-body font-regular leading-[24px] my-[5px] [&amp;&gt;ol]:!pt-0 [&amp;&gt;ol]:!pb-0 [&amp;&gt;ul]:!pt-0 [&amp;&gt;ul]:!pb-0\" value=\"3\">Escolha o m\u00e9todo mais pr\u00e1tico de envio e pagamento.<\/li>\n<\/ol>\n<p class=\"text-body font-regular leading-[24px] pt-[9px] pb-[2px]\" dir=\"ltr\"><b><strong class=\"font-semibold\">Entrega r\u00e1pida:<\/strong><\/b><\/p>\n<p class=\"text-body font-regular leading-[24px] pt-[9px] pb-[2px]\" dir=\"ltr\">O pedido geralmente \u00e9 entregue no prazo de 24 a 72 horas, e voc\u00ea s\u00f3 paga quando o produto chega no seu endere\u00e7o.<\/p>\n<h2 class=\"font-semibold text-h3 leading-[40px] pt-[21px] pb-[2px] [&amp;_a]:underline-offset-[6px] [&amp;_.underline]:underline-offset-[6px]\" dir=\"ltr\">Quanto custa o Big Size? Pre\u00e7o<\/h2>\n<p class=\"text-body font-regular leading-[24px] pt-[9px] pb-[2px]\" dir=\"ltr\">O pre\u00e7o regular do Big Size \u00e9 de 78 euros, mas neste momento temos uma promo\u00e7\u00e3o especial. Garanta o produto com <b><strong class=\"font-semibold\">50% de desconto<\/strong><\/b> enquanto durarem os estoques. Essa \u00e9 uma oportunidade limitada devido \u00e0 alta demanda.<\/p>\n<p class=\"text-body font-regular leading-[24px] pt-[9px] pb-[2px]\" dir=\"ltr\">Pre\u00e7o com desconto atual: <b><strong class=\"font-semibold\">39 euros.<\/strong><\/b><\/p>\n<h2 class=\"font-semibold text-h3 leading-[40px] pt-[21px] pb-[2px] [&amp;_a]:underline-offset-[6px] [&amp;_.underline]:underline-offset-[6px]\" dir=\"ltr\">Como usar o Big Size? Instru\u00e7\u00f5es de uso<\/h2>\n<p class=\"text-body font-regular leading-[24px] pt-[9px] pb-[2px]\" dir=\"ltr\">Para resultados ideais, siga estas instru\u00e7\u00f5es de uso:<\/p>\n<ol class=\"pt-[9px] pb-[2px] pl-[24px] list-inside list-decimal\">\n<li class=\"text-body font-regular leading-[24px] my-[5px] [&amp;&gt;ol]:!pt-0 [&amp;&gt;ol]:!pb-0 [&amp;&gt;ul]:!pt-0 [&amp;&gt;ul]:!pb-0\" value=\"1\">Aplique uma pequena quantidade do produto nas m\u00e3os;<\/li>\n<li class=\"text-body font-regular leading-[24px] my-[5px] [&amp;&gt;ol]:!pt-0 [&amp;&gt;ol]:!pb-0 [&amp;&gt;ul]:!pt-0 [&amp;&gt;ul]:!pb-0\" value=\"2\">Massageie suavemente a \u00e1rea desejada at\u00e9 que o produto seja totalmente absorvido;<\/li>\n<li class=\"text-body font-regular leading-[24px] my-[5px] [&amp;&gt;ol]:!pt-0 [&amp;&gt;ol]:!pb-0 [&amp;&gt;ul]:!pt-0 [&amp;&gt;ul]:!pb-0\" value=\"3\">Repita o processo diariamente, preferencialmente no mesmo hor\u00e1rio.<\/li>\n<\/ol>\n<p class=\"text-body font-regular leading-[24px] pt-[9px] pb-[2px]\" dir=\"ltr\">Com o uso regular, benef\u00edcios not\u00e1veis poder\u00e3o ser observados dentro de semanas.<\/p>\n<h2 class=\"font-semibold text-h3 leading-[40px] pt-[21px] pb-[2px] [&amp;_a]:underline-offset-[6px] [&amp;_.underline]:underline-offset-[6px]\" dir=\"ltr\">Big Size &#8211; Contraindica\u00e7\u00f5es e Efeitos Colaterais<\/h2>\n<p class=\"text-body font-regular leading-[24px] pt-[9px] pb-[2px]\" dir=\"ltr\">Uma das maiores vantagens do Big Size \u00e9 que ele n\u00e3o apresenta contraindica\u00e7\u00f5es ou efeitos colaterais. Sua f\u00f3rmula natural \u00e9 adequada para uso a longo prazo e \u00e9 amplamente segura para homens de todas as idades.<\/p>\n","protected":false},"excerpt":{"rendered":"<p>Big Size \u00e9 um produto natural desenvolvido para promover uma melhor qualidade de vida \u00edntima masculina. Ele atua de forma eficaz para estimular a circula\u00e7\u00e3o sangu\u00ednea adequada, promovendo resultados vis\u00edveis e de longa dura\u00e7\u00e3o no aumento do \u00f3rg\u00e3o genital masculino, bem como na melhoria da pot\u00eancia sexual. Al\u00e9m disso, Big Size n\u00e3o causa depend\u00eancia nem&hellip;&nbsp;<\/p>\n","protected":false},"featured_media":106,"template":"","meta":{"neve_meta_sidebar":"","neve_meta_container":"","neve_meta_enable_content_width":"off","neve_meta_content_width":100,"neve_meta_title_alignment":"","neve_meta_author_avatar":"","neve_post_elements_order":"","neve_meta_disable_header":"","neve_meta_disable_footer":"","neve_meta_disable_title":"","iawp_total_views":34},"product_brand":[],"product_cat":[18],"product_tag":[],"class_list":{"0":"post-105","1":"product","2":"type-product","3":"status-publish","4":"has-post-thumbnail","6":"product_cat-potencia","8":"first","9":"instock","10":"sale","11":"shipping-taxable","12":"purchasable","13":"product-type-simple"},"yoast_head":"<!-- This site is optimized with the Yoast SEO plugin v27.6 - https:\/\/yoast.com\/product\/yoast-seo-wordpress\/ -->\n<title>Big Size - Farm&aacute;cia Online<\/title>\n<meta name=\"robots\" content=\"index, follow, max-snippet:-1, max-image-preview:large, max-video-preview:-1\" \/>\n<link rel=\"canonical\" href=\"https:\/\/www.gfimedicine.com\/farmacia\/produto\/big-size\/\" \/>\n<meta property=\"og:locale\" content=\"pt_PT\" \/>\n<meta property=\"og:type\" content=\"article\" \/>\n<meta property=\"og:title\" content=\"Big Size - Farm&aacute;cia Online\" \/>\n<meta property=\"og:description\" content=\"Big Size \u00e9 um produto natural desenvolvido para promover uma melhor qualidade de vida \u00edntima masculina. Ele atua de forma eficaz para estimular a circula\u00e7\u00e3o sangu\u00ednea adequada, promovendo resultados vis\u00edveis e de longa dura\u00e7\u00e3o no aumento do \u00f3rg\u00e3o genital masculino, bem como na melhoria da pot\u00eancia sexual. Al\u00e9m disso, Big Size n\u00e3o causa depend\u00eancia nem&hellip;&nbsp;\" \/>\n<meta property=\"og:url\" content=\"https:\/\/www.gfimedicine.com\/farmacia\/produto\/big-size\/\" \/>\n<meta property=\"og:site_name\" content=\"Farm&aacute;cia Online\" \/>\n<meta property=\"og:image\" content=\"https:\/\/www.gfimedicine.com\/farmacia\/wp-content\/uploads\/2025\/05\/big-size.jpg\" \/>\n\t<meta property=\"og:image:width\" content=\"250\" \/>\n\t<meta property=\"og:image:height\" content=\"300\" \/>\n\t<meta property=\"og:image:type\" content=\"image\/jpeg\" \/>\n<meta name=\"twitter:card\" content=\"summary_large_image\" \/>\n<meta name=\"twitter:label1\" content=\"Tempo estimado de leitura\" \/>\n\t<meta name=\"twitter:data1\" content=\"5 minutos\" \/>\n<script type=\"application\/ld+json\" class=\"yoast-schema-graph\">{\"@context\":\"https:\\\/\\\/schema.org\",\"@graph\":[{\"@type\":\"WebPage\",\"@id\":\"https:\\\/\\\/www.gfimedicine.com\\\/farmacia\\\/produto\\\/big-size\\\/\",\"url\":\"https:\\\/\\\/www.gfimedicine.com\\\/farmacia\\\/produto\\\/big-size\\\/\",\"name\":\"Big Size - Farm&aacute;cia Online\",\"isPartOf\":{\"@id\":\"https:\\\/\\\/www.gfimedicine.com\\\/farmacia\\\/#website\"},\"primaryImageOfPage\":{\"@id\":\"https:\\\/\\\/www.gfimedicine.com\\\/farmacia\\\/produto\\\/big-size\\\/#primaryimage\"},\"image\":{\"@id\":\"https:\\\/\\\/www.gfimedicine.com\\\/farmacia\\\/produto\\\/big-size\\\/#primaryimage\"},\"thumbnailUrl\":\"https:\\\/\\\/www.gfimedicine.com\\\/farmacia\\\/wp-content\\\/uploads\\\/2025\\\/05\\\/big-size.jpg\",\"datePublished\":\"2025-05-15T07:58:44+00:00\",\"breadcrumb\":{\"@id\":\"https:\\\/\\\/www.gfimedicine.com\\\/farmacia\\\/produto\\\/big-size\\\/#breadcrumb\"},\"inLanguage\":\"pt-PT\",\"potentialAction\":[{\"@type\":\"ReadAction\",\"target\":[\"https:\\\/\\\/www.gfimedicine.com\\\/farmacia\\\/produto\\\/big-size\\\/\"]}]},{\"@type\":\"ImageObject\",\"inLanguage\":\"pt-PT\",\"@id\":\"https:\\\/\\\/www.gfimedicine.com\\\/farmacia\\\/produto\\\/big-size\\\/#primaryimage\",\"url\":\"https:\\\/\\\/www.gfimedicine.com\\\/farmacia\\\/wp-content\\\/uploads\\\/2025\\\/05\\\/big-size.jpg\",\"contentUrl\":\"https:\\\/\\\/www.gfimedicine.com\\\/farmacia\\\/wp-content\\\/uploads\\\/2025\\\/05\\\/big-size.jpg\",\"width\":250,\"height\":300,\"caption\":\"big size\"},{\"@type\":\"BreadcrumbList\",\"@id\":\"https:\\\/\\\/www.gfimedicine.com\\\/farmacia\\\/produto\\\/big-size\\\/#breadcrumb\",\"itemListElement\":[{\"@type\":\"ListItem\",\"position\":1,\"name\":\"In\u00edcio\",\"item\":\"https:\\\/\\\/www.gfimedicine.com\\\/farmacia\\\/\"},{\"@type\":\"ListItem\",\"position\":2,\"name\":\"Farm\u00e1cia\",\"item\":\"https:\\\/\\\/www.gfimedicine.com\\\/farmacia\\\/\"},{\"@type\":\"ListItem\",\"position\":3,\"name\":\"Big Size\"}]},{\"@type\":\"WebSite\",\"@id\":\"https:\\\/\\\/www.gfimedicine.com\\\/farmacia\\\/#website\",\"url\":\"https:\\\/\\\/www.gfimedicine.com\\\/farmacia\\\/\",\"name\":\"Farm&aacute;cia Online\",\"description\":\"\",\"potentialAction\":[{\"@type\":\"SearchAction\",\"target\":{\"@type\":\"EntryPoint\",\"urlTemplate\":\"https:\\\/\\\/www.gfimedicine.com\\\/farmacia\\\/?s={search_term_string}\"},\"query-input\":{\"@type\":\"PropertyValueSpecification\",\"valueRequired\":true,\"valueName\":\"search_term_string\"}}],\"inLanguage\":\"pt-PT\"}]}<\/script>\n<!-- \/ Yoast SEO plugin. -->","yoast_head_json":{"title":"Big Size - Farm&aacute;cia Online","robots":{"index":"index","follow":"follow","max-snippet":"max-snippet:-1","max-image-preview":"max-image-preview:large","max-video-preview":"max-video-preview:-1"},"canonical":"https:\/\/www.gfimedicine.com\/farmacia\/produto\/big-size\/","og_locale":"pt_PT","og_type":"article","og_title":"Big Size - Farm&aacute;cia Online","og_description":"Big Size \u00e9 um produto natural desenvolvido para promover uma melhor qualidade de vida \u00edntima masculina. Ele atua de forma eficaz para estimular a circula\u00e7\u00e3o sangu\u00ednea adequada, promovendo resultados vis\u00edveis e de longa dura\u00e7\u00e3o no aumento do \u00f3rg\u00e3o genital masculino, bem como na melhoria da pot\u00eancia sexual. Al\u00e9m disso, Big Size n\u00e3o causa depend\u00eancia nem&hellip;&nbsp;","og_url":"https:\/\/www.gfimedicine.com\/farmacia\/produto\/big-size\/","og_site_name":"Farm&aacute;cia Online","og_image":[{"width":250,"height":300,"url":"https:\/\/www.gfimedicine.com\/farmacia\/wp-content\/uploads\/2025\/05\/big-size.jpg","type":"image\/jpeg"}],"twitter_card":"summary_large_image","twitter_misc":{"Tempo estimado de leitura":"5 minutos"},"schema":{"@context":"https:\/\/schema.org","@graph":[{"@type":"WebPage","@id":"https:\/\/www.gfimedicine.com\/farmacia\/produto\/big-size\/","url":"https:\/\/www.gfimedicine.com\/farmacia\/produto\/big-size\/","name":"Big Size - Farm&aacute;cia Online","isPartOf":{"@id":"https:\/\/www.gfimedicine.com\/farmacia\/#website"},"primaryImageOfPage":{"@id":"https:\/\/www.gfimedicine.com\/farmacia\/produto\/big-size\/#primaryimage"},"image":{"@id":"https:\/\/www.gfimedicine.com\/farmacia\/produto\/big-size\/#primaryimage"},"thumbnailUrl":"https:\/\/www.gfimedicine.com\/farmacia\/wp-content\/uploads\/2025\/05\/big-size.jpg","datePublished":"2025-05-15T07:58:44+00:00","breadcrumb":{"@id":"https:\/\/www.gfimedicine.com\/farmacia\/produto\/big-size\/#breadcrumb"},"inLanguage":"pt-PT","potentialAction":[{"@type":"ReadAction","target":["https:\/\/www.gfimedicine.com\/farmacia\/produto\/big-size\/"]}]},{"@type":"ImageObject","inLanguage":"pt-PT","@id":"https:\/\/www.gfimedicine.com\/farmacia\/produto\/big-size\/#primaryimage","url":"https:\/\/www.gfimedicine.com\/farmacia\/wp-content\/uploads\/2025\/05\/big-size.jpg","contentUrl":"https:\/\/www.gfimedicine.com\/farmacia\/wp-content\/uploads\/2025\/05\/big-size.jpg","width":250,"height":300,"caption":"big size"},{"@type":"BreadcrumbList","@id":"https:\/\/www.gfimedicine.com\/farmacia\/produto\/big-size\/#breadcrumb","itemListElement":[{"@type":"ListItem","position":1,"name":"In\u00edcio","item":"https:\/\/www.gfimedicine.com\/farmacia\/"},{"@type":"ListItem","position":2,"name":"Farm\u00e1cia","item":"https:\/\/www.gfimedicine.com\/farmacia\/"},{"@type":"ListItem","position":3,"name":"Big Size"}]},{"@type":"WebSite","@id":"https:\/\/www.gfimedicine.com\/farmacia\/#website","url":"https:\/\/www.gfimedicine.com\/farmacia\/","name":"Farm&aacute;cia Online","description":"","potentialAction":[{"@type":"SearchAction","target":{"@type":"EntryPoint","urlTemplate":"https:\/\/www.gfimedicine.com\/farmacia\/?s={search_term_string}"},"query-input":{"@type":"PropertyValueSpecification","valueRequired":true,"valueName":"search_term_string"}}],"inLanguage":"pt-PT"}]}},"_links":{"self":[{"href":"https:\/\/www.gfimedicine.com\/farmacia\/wp-json\/wp\/v2\/product\/105","targetHints":{"allow":["GET"]}}],"collection":[{"href":"https:\/\/www.gfimedicine.com\/farmacia\/wp-json\/wp\/v2\/product"}],"about":[{"href":"https:\/\/www.gfimedicine.com\/farmacia\/wp-json\/wp\/v2\/types\/product"}],"wp:featuredmedia":[{"embeddable":true,"href":"https:\/\/www.gfimedicine.com\/farmacia\/wp-json\/wp\/v2\/media\/106"}],"wp:attachment":[{"href":"https:\/\/www.gfimedicine.com\/farmacia\/wp-json\/wp\/v2\/media?parent=105"}],"wp:term":[{"taxonomy":"product_brand","embeddable":true,"href":"https:\/\/www.gfimedicine.com\/farmacia\/wp-json\/wp\/v2\/product_brand?post=105"},{"taxonomy":"product_cat","embeddable":true,"href":"https:\/\/www.gfimedicine.com\/farmacia\/wp-json\/wp\/v2\/product_cat?post=105"},{"taxonomy":"product_tag","embeddable":true,"href":"https:\/\/www.gfimedicine.com\/farmacia\/wp-json\/wp\/v2\/product_tag?post=105"}],"curies":[{"name":"wp","href":"https:\/\/api.w.org\/{rel}","templated":true}]}}