{"id":101,"date":"2025-05-15T07:50:52","date_gmt":"2025-05-15T07:50:52","guid":{"rendered":"https:\/\/www.gfimedicine.com\/farmacia\/?post_type=product&#038;p=101"},"modified":"2025-05-15T07:50:52","modified_gmt":"2025-05-15T07:50:52","slug":"sonixine","status":"publish","type":"product","link":"https:\/\/www.gfimedicine.com\/farmacia\/produto\/sonixine\/","title":{"rendered":"Sonixine"},"content":{"rendered":"<p class=\"text-body font-regular leading-[24px] pt-[9px] pb-[2px]\" dir=\"ltr\">O <b><strong class=\"font-semibold\">Sonixine<\/strong><\/b> \u00e9 um suplemento alimentar em c\u00e1psulas que ajuda a fortalecer sua capacidade auditiva. Ele atua limpando os canais auditivos, eliminando bact\u00e9rias e v\u00edrus presentes que possam prejudicar sua audi\u00e7\u00e3o. Al\u00e9m disso, favorece a recep\u00e7\u00e3o mais clara dos sons, melhorando significativamente a compreens\u00e3o.<\/p>\n<p class=\"text-body font-regular leading-[24px] pt-[9px] pb-[2px]\" dir=\"ltr\">\u00c9 indicado para pessoas que buscam melhorar ou preservar a sa\u00fade auditiva, combater desconfortos auditivos ou simplesmente melhorar a qualidade geral da audi\u00e7\u00e3o.<\/p>\n<h2 class=\"font-semibold text-h3 leading-[40px] pt-[21px] pb-[2px] [&amp;_a]:underline-offset-[6px] [&amp;_.underline]:underline-offset-[6px]\" dir=\"ltr\">Como funciona o Sonixine?<\/h2>\n<p class=\"text-body font-regular leading-[24px] pt-[9px] pb-[2px]\" dir=\"ltr\">O Sonixine tem como principal objetivo melhorar o funcionamento geral do sistema auditivo. Ele age em v\u00e1rias etapas para garantir a sa\u00fade ideal dos ouvidos:<\/p>\n<ul class=\"pt-[9px] pb-[2px] pl-[24px] list-inside list-disc pt-[5px]\">\n<li class=\"text-body font-regular leading-[24px] my-[5px] [&amp;&gt;ol]:!pt-0 [&amp;&gt;ol]:!pb-0 [&amp;&gt;ul]:!pt-0 [&amp;&gt;ul]:!pb-0\" value=\"1\"><b><strong class=\"font-semibold\">Elimina\u00e7\u00e3o de toxinas<\/strong><\/b> nos canais auditivos que possam estar comprometendo a audi\u00e7\u00e3o.<\/li>\n<li class=\"text-body font-regular leading-[24px] my-[5px] [&amp;&gt;ol]:!pt-0 [&amp;&gt;ol]:!pb-0 [&amp;&gt;ul]:!pt-0 [&amp;&gt;ul]:!pb-0\" value=\"2\"><b><strong class=\"font-semibold\">Redu\u00e7\u00e3o de inflama\u00e7\u00f5es<\/strong><\/b>, promovendo um ambiente saud\u00e1vel dentro dos ouvidos.<\/li>\n<li class=\"text-body font-regular leading-[24px] my-[5px] [&amp;&gt;ol]:!pt-0 [&amp;&gt;ol]:!pb-0 [&amp;&gt;ul]:!pt-0 [&amp;&gt;ul]:!pb-0\" value=\"3\"><b><strong class=\"font-semibold\">Melhoria da circula\u00e7\u00e3o sangu\u00ednea<\/strong><\/b> nas \u00e1reas ligadas \u00e0 audi\u00e7\u00e3o, garantindo que os nutrientes cheguem adequadamente.<\/li>\n<\/ul>\n<p class=\"text-body font-regular leading-[24px] pt-[9px] pb-[2px]\" dir=\"ltr\">Esse suplemento tamb\u00e9m age diretamente na otimiza\u00e7\u00e3o do processamento cerebral dos sons, ajudando a compreender melhor as conversas e os ru\u00eddos externos sem esfor\u00e7o.<\/p>\n<h2 class=\"font-semibold text-h3 leading-[40px] pt-[21px] pb-[2px] [&amp;_a]:underline-offset-[6px] [&amp;_.underline]:underline-offset-[6px]\" dir=\"ltr\">Sonixine &#8211; Depoimentos e Opini\u00f5es<\/h2>\n<p class=\"text-body font-regular leading-[24px] pt-[9px] pb-[2px]\" dir=\"ltr\">Veja o que alguns usu\u00e1rios satisfeitos de Portugal disseram sobre o Sonixine:<\/p>\n<ol class=\"pt-[9px] pb-[2px] pl-[24px] list-inside list-decimal\">\n<li class=\"text-body font-regular leading-[24px] my-[5px] [&amp;&gt;ol]:!pt-0 [&amp;&gt;ol]:!pb-0 [&amp;&gt;ul]:!pt-0 [&amp;&gt;ul]:!pb-0\" value=\"1\"><b><strong class=\"font-semibold\">Lu\u00edsa S., Lisboa:<\/strong><\/b><\/li>\n<li class=\"text-body font-regular leading-[24px] my-[5px] [&amp;&gt;ol]:!pt-0 [&amp;&gt;ol]:!pb-0 [&amp;&gt;ul]:!pt-0 [&amp;&gt;ul]:!pb-0\" value=\"2\">&#8220;Minha audi\u00e7\u00e3o estava ficando cada vez mais fraca e eu n\u00e3o sabia o que fazer. Depois de usar o Sonixine, minha capacidade de ouvir melhorou drasticamente. Agora, n\u00e3o tenho mais dificuldades nas reuni\u00f5es do trabalho!&#8221;<\/li>\n<li class=\"text-body font-regular leading-[24px] my-[5px] [&amp;&gt;ol]:!pt-0 [&amp;&gt;ol]:!pb-0 [&amp;&gt;ul]:!pt-0 [&amp;&gt;ul]:!pb-0\" value=\"3\"><b><strong class=\"font-semibold\">Jo\u00e3o M., Porto:<\/strong><\/b><\/li>\n<li class=\"text-body font-regular leading-[24px] my-[5px] [&amp;&gt;ol]:!pt-0 [&amp;&gt;ol]:!pb-0 [&amp;&gt;ul]:!pt-0 [&amp;&gt;ul]:!pb-0\" value=\"4\">&#8220;Comecei a usar o Sonixine ap\u00f3s recomenda\u00e7\u00f5es. Posso dizer que \u00e9 milagroso! N\u00e3o s\u00f3 ou\u00e7o melhor, como sinto meus ouvidos mais limpos e saud\u00e1veis.&#8221;<\/li>\n<li class=\"text-body font-regular leading-[24px] my-[5px] [&amp;&gt;ol]:!pt-0 [&amp;&gt;ol]:!pb-0 [&amp;&gt;ul]:!pt-0 [&amp;&gt;ul]:!pb-0\" value=\"5\"><b><strong class=\"font-semibold\">Ana R., Coimbra:<\/strong><\/b><\/li>\n<li class=\"text-body font-regular leading-[24px] my-[5px] [&amp;&gt;ol]:!pt-0 [&amp;&gt;ol]:!pb-0 [&amp;&gt;ul]:!pt-0 [&amp;&gt;ul]:!pb-0\" value=\"6\">&#8220;Depois de anos lidando com dificuldades auditivas, encontrei no Sonixine a solu\u00e7\u00e3o perfeita. Recomendo a todos!&#8221;<\/li>\n<\/ol>\n<h2 class=\"font-semibold text-h3 leading-[40px] pt-[21px] pb-[2px] [&amp;_a]:underline-offset-[6px] [&amp;_.underline]:underline-offset-[6px]\" dir=\"ltr\">Sonixine &#8211; Composi\u00e7\u00e3o e Ingredientes<\/h2>\n<p class=\"text-body font-regular leading-[24px] pt-[9px] pb-[2px]\" dir=\"ltr\">Os benef\u00edcios do Sonixine v\u00eam de sua f\u00f3rmula meticulosamente criada, utilizando ingredientes naturais e cientificamente comprovados. Veja abaixo cada elemento da composi\u00e7\u00e3o:<\/p>\n<ul class=\"pt-[9px] pb-[2px] pl-[24px] list-inside list-disc pt-[5px]\">\n<li class=\"text-body font-regular leading-[24px] my-[5px] [&amp;&gt;ol]:!pt-0 [&amp;&gt;ol]:!pb-0 [&amp;&gt;ul]:!pt-0 [&amp;&gt;ul]:!pb-0\" value=\"1\"><b><strong class=\"font-semibold\">Microcelulose Cristalina<\/strong><\/b><\/li>\n<\/ul>\n<p class=\"text-body font-regular leading-[24px] pt-[9px] pb-[2px]\" dir=\"ltr\">Auxilia na efic\u00e1cia das c\u00e1psulas e na libera\u00e7\u00e3o controlada dos nutrientes.<\/p>\n<ul class=\"pt-[9px] pb-[2px] pl-[24px] list-inside list-disc pt-[5px]\">\n<li class=\"text-body font-regular leading-[24px] my-[5px] [&amp;&gt;ol]:!pt-0 [&amp;&gt;ol]:!pb-0 [&amp;&gt;ul]:!pt-0 [&amp;&gt;ul]:!pb-0\" value=\"1\"><b><strong class=\"font-semibold\">\u00d3xido de Magn\u00e9sio<\/strong><\/b><\/li>\n<\/ul>\n<p class=\"text-body font-regular leading-[24px] pt-[9px] pb-[2px]\" dir=\"ltr\">Essencial para a fun\u00e7\u00e3o auditiva e redu\u00e7\u00e3o de inflama\u00e7\u00f5es.<\/p>\n<ul class=\"pt-[9px] pb-[2px] pl-[24px] list-inside list-disc pt-[5px]\">\n<li class=\"text-body font-regular leading-[24px] my-[5px] [&amp;&gt;ol]:!pt-0 [&amp;&gt;ol]:!pb-0 [&amp;&gt;ul]:!pt-0 [&amp;&gt;ul]:!pb-0\" value=\"1\"><b><strong class=\"font-semibold\">Extrato de Folha de Ginkgo 4:1<\/strong><\/b><\/li>\n<\/ul>\n<p class=\"text-body font-regular leading-[24px] pt-[9px] pb-[2px]\" dir=\"ltr\">Melhora a circula\u00e7\u00e3o sangu\u00ednea no sistema auditivo, auxiliando na prote\u00e7\u00e3o contra problemas auditivos.<\/p>\n<ul class=\"pt-[9px] pb-[2px] pl-[24px] list-inside list-disc pt-[5px]\">\n<li class=\"text-body font-regular leading-[24px] my-[5px] [&amp;&gt;ol]:!pt-0 [&amp;&gt;ol]:!pb-0 [&amp;&gt;ul]:!pt-0 [&amp;&gt;ul]:!pb-0\" value=\"1\"><b><strong class=\"font-semibold\">Vitamina B3 e B12<\/strong><\/b><\/li>\n<\/ul>\n<p class=\"text-body font-regular leading-[24px] pt-[9px] pb-[2px]\" dir=\"ltr\">Vital para a sa\u00fade do sistema nervoso, favorecendo o processamento de sons.<\/p>\n<ul class=\"pt-[9px] pb-[2px] pl-[24px] list-inside list-disc pt-[5px]\">\n<li class=\"text-body font-regular leading-[24px] my-[5px] [&amp;&gt;ol]:!pt-0 [&amp;&gt;ol]:!pb-0 [&amp;&gt;ul]:!pt-0 [&amp;&gt;ul]:!pb-0\" value=\"1\"><b><strong class=\"font-semibold\">\u00c1cido F\u00f3lico<\/strong><\/b><\/li>\n<\/ul>\n<p class=\"text-body font-regular leading-[24px] pt-[9px] pb-[2px]\" dir=\"ltr\">Contribui para a regenera\u00e7\u00e3o celular no sistema auditivo.<\/p>\n<ul class=\"pt-[9px] pb-[2px] pl-[24px] list-inside list-disc pt-[5px]\">\n<li class=\"text-body font-regular leading-[24px] my-[5px] [&amp;&gt;ol]:!pt-0 [&amp;&gt;ol]:!pb-0 [&amp;&gt;ul]:!pt-0 [&amp;&gt;ul]:!pb-0\" value=\"1\"><b><strong class=\"font-semibold\">Vitamina C e E<\/strong><\/b><\/li>\n<\/ul>\n<p class=\"text-body font-regular leading-[24px] pt-[9px] pb-[2px]\" dir=\"ltr\">Protege contra danos de radicais livres, promovendo a longevidade auditiva.<\/p>\n<ul class=\"pt-[9px] pb-[2px] pl-[24px] list-inside list-disc pt-[5px]\">\n<li class=\"text-body font-regular leading-[24px] my-[5px] [&amp;&gt;ol]:!pt-0 [&amp;&gt;ol]:!pb-0 [&amp;&gt;ul]:!pt-0 [&amp;&gt;ul]:!pb-0\" value=\"1\"><b><strong class=\"font-semibold\">Extrato de Laranja Amarga<\/strong><\/b><\/li>\n<\/ul>\n<p class=\"text-body font-regular leading-[24px] pt-[9px] pb-[2px]\" dir=\"ltr\">Utilizado por suas propriedades antioxidantes e anti-inflamat\u00f3rias.<\/p>\n<h2 class=\"font-semibold text-h3 leading-[40px] pt-[21px] pb-[2px] [&amp;_a]:underline-offset-[6px] [&amp;_.underline]:underline-offset-[6px]\" dir=\"ltr\">Sonixine &#8211; Vantagens e Resultados<\/h2>\n<p class=\"text-body font-regular leading-[24px] pt-[9px] pb-[2px]\" dir=\"ltr\">Ao incluir Sonixine na sua rotina di\u00e1ria, voc\u00ea pode esperar benef\u00edcios como:<\/p>\n<ul class=\"pt-[9px] pb-[2px] pl-[24px] list-inside list-disc pt-[5px]\">\n<li class=\"text-body font-regular leading-[24px] my-[5px] [&amp;&gt;ol]:!pt-0 [&amp;&gt;ol]:!pb-0 [&amp;&gt;ul]:!pt-0 [&amp;&gt;ul]:!pb-0\" value=\"1\">Melhor capta\u00e7\u00e3o de sons e maior nitidez auditiva.<\/li>\n<li class=\"text-body font-regular leading-[24px] my-[5px] [&amp;&gt;ol]:!pt-0 [&amp;&gt;ol]:!pb-0 [&amp;&gt;ul]:!pt-0 [&amp;&gt;ul]:!pb-0\" value=\"2\">Redu\u00e7\u00e3o das dificuldades para entender palavras e conversas.<\/li>\n<li class=\"text-body font-regular leading-[24px] my-[5px] [&amp;&gt;ol]:!pt-0 [&amp;&gt;ol]:!pb-0 [&amp;&gt;ul]:!pt-0 [&amp;&gt;ul]:!pb-0\" value=\"3\">Promo\u00e7\u00e3o de um ambiente auditivo saud\u00e1vel e fortalecido.<\/li>\n<li class=\"text-body font-regular leading-[24px] my-[5px] [&amp;&gt;ol]:!pt-0 [&amp;&gt;ol]:!pb-0 [&amp;&gt;ul]:!pt-0 [&amp;&gt;ul]:!pb-0\" value=\"4\">Maior qualidade de vida em atividades di\u00e1rias e sociais.<\/li>\n<\/ul>\n<h2 class=\"font-semibold text-h3 leading-[40px] pt-[21px] pb-[2px] [&amp;_a]:underline-offset-[6px] [&amp;_.underline]:underline-offset-[6px]\" dir=\"ltr\">Onde Comprar Sonixine em Portugal?<\/h2>\n<p class=\"text-body font-regular leading-[24px] pt-[9px] pb-[2px]\" dir=\"ltr\">Atualmente, o Sonixine \u00e9 um produto exclusivo e dispon\u00edvel apenas em farm\u00e1cias que possuem parceria direta com o fabricante. Isso garante que voc\u00ea estar\u00e1 recebendo um produto original e de qualidade.<\/p>\n<p class=\"text-body font-regular leading-[24px] pt-[9px] pb-[2px]\" dir=\"ltr\">Comprar \u00e9 bem simples:<\/p>\n<ol class=\"pt-[9px] pb-[2px] pl-[24px] list-inside list-decimal\">\n<li class=\"text-body font-regular leading-[24px] my-[5px] [&amp;&gt;ol]:!pt-0 [&amp;&gt;ol]:!pb-0 [&amp;&gt;ul]:!pt-0 [&amp;&gt;ul]:!pb-0\" value=\"1\">Clique no bot\u00e3o <b><strong class=\"font-semibold\">&#8220;Adicionar&#8221;<\/strong><\/b>.<\/li>\n<li class=\"text-body font-regular leading-[24px] my-[5px] [&amp;&gt;ol]:!pt-0 [&amp;&gt;ol]:!pb-0 [&amp;&gt;ul]:!pt-0 [&amp;&gt;ul]:!pb-0\" value=\"2\">Preencha o formul\u00e1rio.<\/li>\n<li class=\"text-body font-regular leading-[24px] my-[5px] [&amp;&gt;ol]:!pt-0 [&amp;&gt;ol]:!pb-0 [&amp;&gt;ul]:!pt-0 [&amp;&gt;ul]:!pb-0\" value=\"3\">Escolha o m\u00e9todo de entrega e pagamento mais conveniente.<\/li>\n<\/ol>\n<p class=\"text-body font-regular leading-[24px] pt-[9px] pb-[2px]\" dir=\"ltr\">A entrega \u00e9 r\u00e1pida, feita em 24 a 72 horas, e voc\u00ea s\u00f3 paga quando o produto for entregue diretamente em sua casa.<\/p>\n<h2 class=\"font-semibold text-h3 leading-[40px] pt-[21px] pb-[2px] [&amp;_a]:underline-offset-[6px] [&amp;_.underline]:underline-offset-[6px]\" dir=\"ltr\">Quanto custa o Sonixine? Pre\u00e7o<\/h2>\n<p class=\"text-body font-regular leading-[24px] pt-[9px] pb-[2px]\" dir=\"ltr\">O pre\u00e7o regular do Sonixine \u00e9 de 78 euros, mas, devido \u00e0 grande procura, estamos oferecendo um <b><strong class=\"font-semibold\">desconto exclusivo de 50%!<\/strong><\/b><\/p>\n<p class=\"text-body font-regular leading-[24px] pt-[9px] pb-[2px]\" dir=\"ltr\">Adquira agora por apenas <b><strong class=\"font-semibold\">39 euros<\/strong><\/b>, mas aproveite enquanto durar o estoque promocional, pois as unidades s\u00e3o limitadas.<\/p>\n<h2 class=\"font-semibold text-h3 leading-[40px] pt-[21px] pb-[2px] [&amp;_a]:underline-offset-[6px] [&amp;_.underline]:underline-offset-[6px]\" dir=\"ltr\">Como usar o Sonixine? Instru\u00e7\u00f5es de uso<\/h2>\n<p class=\"text-body font-regular leading-[24px] pt-[9px] pb-[2px]\" dir=\"ltr\">Para obter os melhores resultados com o Sonixine, basta seguir estas orienta\u00e7\u00f5es:<\/p>\n<ol class=\"pt-[9px] pb-[2px] pl-[24px] list-inside list-decimal\">\n<li class=\"text-body font-regular leading-[24px] my-[5px] [&amp;&gt;ol]:!pt-0 [&amp;&gt;ol]:!pb-0 [&amp;&gt;ul]:!pt-0 [&amp;&gt;ul]:!pb-0\" value=\"1\">Tome <b><strong class=\"font-semibold\">1 c\u00e1psula de manh\u00e3<\/strong><\/b> e <b><strong class=\"font-semibold\">1 c\u00e1psula \u00e0 noite<\/strong><\/b> com um copo de \u00e1gua ap\u00f3s as refei\u00e7\u00f5es.<\/li>\n<li class=\"text-body font-regular leading-[24px] my-[5px] [&amp;&gt;ol]:!pt-0 [&amp;&gt;ol]:!pb-0 [&amp;&gt;ul]:!pt-0 [&amp;&gt;ul]:!pb-0\" value=\"2\">Use regularmente por pelo menos um m\u00eas para resultados percept\u00edveis.<\/li>\n<li class=\"text-body font-regular leading-[24px] my-[5px] [&amp;&gt;ol]:!pt-0 [&amp;&gt;ol]:!pb-0 [&amp;&gt;ul]:!pt-0 [&amp;&gt;ul]:!pb-0\" value=\"3\">Nunca exceda a dose indicada para evitar desperd\u00edcio do produto.<\/li>\n<\/ol>\n<h2 class=\"font-semibold text-h3 leading-[40px] pt-[21px] pb-[2px] [&amp;_a]:underline-offset-[6px] [&amp;_.underline]:underline-offset-[6px]\" dir=\"ltr\">Sonixine &#8211; Contraindica\u00e7\u00f5es e Efeitos Colaterais<\/h2>\n<p class=\"text-body font-regular leading-[24px] pt-[9px] pb-[2px]\" dir=\"ltr\">O Sonixine foi testado rigorosamente e <b><strong class=\"font-semibold\">n\u00e3o apresenta efeitos colaterais conhecidos<\/strong><\/b>. Al\u00e9m disso, \u00e9 seguro para o consumo por adultos de todas as idades. Por\u00e9m, pessoas com condi\u00e7\u00f5es de sa\u00fade pr\u00e9-existentes devem consultar um m\u00e9dico antes de iniciar o uso.<\/p>\n","protected":false},"excerpt":{"rendered":"<p>O Sonixine \u00e9 um suplemento alimentar em c\u00e1psulas que ajuda a fortalecer sua capacidade auditiva. Ele atua limpando os canais auditivos, eliminando bact\u00e9rias e v\u00edrus presentes que possam prejudicar sua audi\u00e7\u00e3o. Al\u00e9m disso, favorece a recep\u00e7\u00e3o mais clara dos sons, melhorando significativamente a compreens\u00e3o. \u00c9 indicado para pessoas que buscam melhorar ou preservar a sa\u00fade&hellip;&nbsp;<\/p>\n","protected":false},"featured_media":102,"template":"","meta":{"neve_meta_sidebar":"","neve_meta_container":"","neve_meta_enable_content_width":"off","neve_meta_content_width":100,"neve_meta_title_alignment":"","neve_meta_author_avatar":"","neve_post_elements_order":"","neve_meta_disable_header":"","neve_meta_disable_footer":"","neve_meta_disable_title":"","iawp_total_views":1},"product_brand":[],"product_cat":[16],"product_tag":[],"class_list":{"0":"post-101","1":"product","2":"type-product","3":"status-publish","4":"has-post-thumbnail","6":"product_cat-saude","8":"first","9":"instock","10":"sale","11":"shipping-taxable","12":"purchasable","13":"product-type-simple"},"yoast_head":"<!-- This site is optimized with the Yoast SEO plugin v27.6 - https:\/\/yoast.com\/product\/yoast-seo-wordpress\/ -->\n<title>Sonixine - Farm&aacute;cia Online<\/title>\n<meta name=\"robots\" content=\"index, follow, max-snippet:-1, max-image-preview:large, max-video-preview:-1\" \/>\n<link rel=\"canonical\" href=\"https:\/\/www.gfimedicine.com\/farmacia\/produto\/sonixine\/\" \/>\n<meta property=\"og:locale\" content=\"pt_PT\" \/>\n<meta property=\"og:type\" content=\"article\" \/>\n<meta property=\"og:title\" content=\"Sonixine - Farm&aacute;cia Online\" \/>\n<meta property=\"og:description\" content=\"O Sonixine \u00e9 um suplemento alimentar em c\u00e1psulas que ajuda a fortalecer sua capacidade auditiva. Ele atua limpando os canais auditivos, eliminando bact\u00e9rias e v\u00edrus presentes que possam prejudicar sua audi\u00e7\u00e3o. Al\u00e9m disso, favorece a recep\u00e7\u00e3o mais clara dos sons, melhorando significativamente a compreens\u00e3o. \u00c9 indicado para pessoas que buscam melhorar ou preservar a sa\u00fade&hellip;&nbsp;\" \/>\n<meta property=\"og:url\" content=\"https:\/\/www.gfimedicine.com\/farmacia\/produto\/sonixine\/\" \/>\n<meta property=\"og:site_name\" content=\"Farm&aacute;cia Online\" \/>\n<meta property=\"og:image\" content=\"https:\/\/www.gfimedicine.com\/farmacia\/wp-content\/uploads\/2025\/05\/sonixine.jpg\" \/>\n\t<meta property=\"og:image:width\" content=\"250\" \/>\n\t<meta property=\"og:image:height\" content=\"300\" \/>\n\t<meta property=\"og:image:type\" content=\"image\/jpeg\" \/>\n<meta name=\"twitter:card\" content=\"summary_large_image\" \/>\n<meta name=\"twitter:label1\" content=\"Tempo estimado de leitura\" \/>\n\t<meta name=\"twitter:data1\" content=\"5 minutos\" \/>\n<script type=\"application\/ld+json\" class=\"yoast-schema-graph\">{\"@context\":\"https:\\\/\\\/schema.org\",\"@graph\":[{\"@type\":\"WebPage\",\"@id\":\"https:\\\/\\\/www.gfimedicine.com\\\/farmacia\\\/produto\\\/sonixine\\\/\",\"url\":\"https:\\\/\\\/www.gfimedicine.com\\\/farmacia\\\/produto\\\/sonixine\\\/\",\"name\":\"Sonixine - Farm&aacute;cia Online\",\"isPartOf\":{\"@id\":\"https:\\\/\\\/www.gfimedicine.com\\\/farmacia\\\/#website\"},\"primaryImageOfPage\":{\"@id\":\"https:\\\/\\\/www.gfimedicine.com\\\/farmacia\\\/produto\\\/sonixine\\\/#primaryimage\"},\"image\":{\"@id\":\"https:\\\/\\\/www.gfimedicine.com\\\/farmacia\\\/produto\\\/sonixine\\\/#primaryimage\"},\"thumbnailUrl\":\"https:\\\/\\\/www.gfimedicine.com\\\/farmacia\\\/wp-content\\\/uploads\\\/2025\\\/05\\\/sonixine.jpg\",\"datePublished\":\"2025-05-15T07:50:52+00:00\",\"breadcrumb\":{\"@id\":\"https:\\\/\\\/www.gfimedicine.com\\\/farmacia\\\/produto\\\/sonixine\\\/#breadcrumb\"},\"inLanguage\":\"pt-PT\",\"potentialAction\":[{\"@type\":\"ReadAction\",\"target\":[\"https:\\\/\\\/www.gfimedicine.com\\\/farmacia\\\/produto\\\/sonixine\\\/\"]}]},{\"@type\":\"ImageObject\",\"inLanguage\":\"pt-PT\",\"@id\":\"https:\\\/\\\/www.gfimedicine.com\\\/farmacia\\\/produto\\\/sonixine\\\/#primaryimage\",\"url\":\"https:\\\/\\\/www.gfimedicine.com\\\/farmacia\\\/wp-content\\\/uploads\\\/2025\\\/05\\\/sonixine.jpg\",\"contentUrl\":\"https:\\\/\\\/www.gfimedicine.com\\\/farmacia\\\/wp-content\\\/uploads\\\/2025\\\/05\\\/sonixine.jpg\",\"width\":250,\"height\":300,\"caption\":\"sonixine\"},{\"@type\":\"BreadcrumbList\",\"@id\":\"https:\\\/\\\/www.gfimedicine.com\\\/farmacia\\\/produto\\\/sonixine\\\/#breadcrumb\",\"itemListElement\":[{\"@type\":\"ListItem\",\"position\":1,\"name\":\"In\u00edcio\",\"item\":\"https:\\\/\\\/www.gfimedicine.com\\\/farmacia\\\/\"},{\"@type\":\"ListItem\",\"position\":2,\"name\":\"Farm\u00e1cia\",\"item\":\"https:\\\/\\\/www.gfimedicine.com\\\/farmacia\\\/\"},{\"@type\":\"ListItem\",\"position\":3,\"name\":\"Sonixine\"}]},{\"@type\":\"WebSite\",\"@id\":\"https:\\\/\\\/www.gfimedicine.com\\\/farmacia\\\/#website\",\"url\":\"https:\\\/\\\/www.gfimedicine.com\\\/farmacia\\\/\",\"name\":\"Farm&aacute;cia Online\",\"description\":\"\",\"potentialAction\":[{\"@type\":\"SearchAction\",\"target\":{\"@type\":\"EntryPoint\",\"urlTemplate\":\"https:\\\/\\\/www.gfimedicine.com\\\/farmacia\\\/?s={search_term_string}\"},\"query-input\":{\"@type\":\"PropertyValueSpecification\",\"valueRequired\":true,\"valueName\":\"search_term_string\"}}],\"inLanguage\":\"pt-PT\"}]}<\/script>\n<!-- \/ Yoast SEO plugin. -->","yoast_head_json":{"title":"Sonixine - Farm&aacute;cia Online","robots":{"index":"index","follow":"follow","max-snippet":"max-snippet:-1","max-image-preview":"max-image-preview:large","max-video-preview":"max-video-preview:-1"},"canonical":"https:\/\/www.gfimedicine.com\/farmacia\/produto\/sonixine\/","og_locale":"pt_PT","og_type":"article","og_title":"Sonixine - Farm&aacute;cia Online","og_description":"O Sonixine \u00e9 um suplemento alimentar em c\u00e1psulas que ajuda a fortalecer sua capacidade auditiva. Ele atua limpando os canais auditivos, eliminando bact\u00e9rias e v\u00edrus presentes que possam prejudicar sua audi\u00e7\u00e3o. Al\u00e9m disso, favorece a recep\u00e7\u00e3o mais clara dos sons, melhorando significativamente a compreens\u00e3o. \u00c9 indicado para pessoas que buscam melhorar ou preservar a sa\u00fade&hellip;&nbsp;","og_url":"https:\/\/www.gfimedicine.com\/farmacia\/produto\/sonixine\/","og_site_name":"Farm&aacute;cia Online","og_image":[{"width":250,"height":300,"url":"https:\/\/www.gfimedicine.com\/farmacia\/wp-content\/uploads\/2025\/05\/sonixine.jpg","type":"image\/jpeg"}],"twitter_card":"summary_large_image","twitter_misc":{"Tempo estimado de leitura":"5 minutos"},"schema":{"@context":"https:\/\/schema.org","@graph":[{"@type":"WebPage","@id":"https:\/\/www.gfimedicine.com\/farmacia\/produto\/sonixine\/","url":"https:\/\/www.gfimedicine.com\/farmacia\/produto\/sonixine\/","name":"Sonixine - Farm&aacute;cia Online","isPartOf":{"@id":"https:\/\/www.gfimedicine.com\/farmacia\/#website"},"primaryImageOfPage":{"@id":"https:\/\/www.gfimedicine.com\/farmacia\/produto\/sonixine\/#primaryimage"},"image":{"@id":"https:\/\/www.gfimedicine.com\/farmacia\/produto\/sonixine\/#primaryimage"},"thumbnailUrl":"https:\/\/www.gfimedicine.com\/farmacia\/wp-content\/uploads\/2025\/05\/sonixine.jpg","datePublished":"2025-05-15T07:50:52+00:00","breadcrumb":{"@id":"https:\/\/www.gfimedicine.com\/farmacia\/produto\/sonixine\/#breadcrumb"},"inLanguage":"pt-PT","potentialAction":[{"@type":"ReadAction","target":["https:\/\/www.gfimedicine.com\/farmacia\/produto\/sonixine\/"]}]},{"@type":"ImageObject","inLanguage":"pt-PT","@id":"https:\/\/www.gfimedicine.com\/farmacia\/produto\/sonixine\/#primaryimage","url":"https:\/\/www.gfimedicine.com\/farmacia\/wp-content\/uploads\/2025\/05\/sonixine.jpg","contentUrl":"https:\/\/www.gfimedicine.com\/farmacia\/wp-content\/uploads\/2025\/05\/sonixine.jpg","width":250,"height":300,"caption":"sonixine"},{"@type":"BreadcrumbList","@id":"https:\/\/www.gfimedicine.com\/farmacia\/produto\/sonixine\/#breadcrumb","itemListElement":[{"@type":"ListItem","position":1,"name":"In\u00edcio","item":"https:\/\/www.gfimedicine.com\/farmacia\/"},{"@type":"ListItem","position":2,"name":"Farm\u00e1cia","item":"https:\/\/www.gfimedicine.com\/farmacia\/"},{"@type":"ListItem","position":3,"name":"Sonixine"}]},{"@type":"WebSite","@id":"https:\/\/www.gfimedicine.com\/farmacia\/#website","url":"https:\/\/www.gfimedicine.com\/farmacia\/","name":"Farm&aacute;cia Online","description":"","potentialAction":[{"@type":"SearchAction","target":{"@type":"EntryPoint","urlTemplate":"https:\/\/www.gfimedicine.com\/farmacia\/?s={search_term_string}"},"query-input":{"@type":"PropertyValueSpecification","valueRequired":true,"valueName":"search_term_string"}}],"inLanguage":"pt-PT"}]}},"_links":{"self":[{"href":"https:\/\/www.gfimedicine.com\/farmacia\/wp-json\/wp\/v2\/product\/101","targetHints":{"allow":["GET"]}}],"collection":[{"href":"https:\/\/www.gfimedicine.com\/farmacia\/wp-json\/wp\/v2\/product"}],"about":[{"href":"https:\/\/www.gfimedicine.com\/farmacia\/wp-json\/wp\/v2\/types\/product"}],"wp:featuredmedia":[{"embeddable":true,"href":"https:\/\/www.gfimedicine.com\/farmacia\/wp-json\/wp\/v2\/media\/102"}],"wp:attachment":[{"href":"https:\/\/www.gfimedicine.com\/farmacia\/wp-json\/wp\/v2\/media?parent=101"}],"wp:term":[{"taxonomy":"product_brand","embeddable":true,"href":"https:\/\/www.gfimedicine.com\/farmacia\/wp-json\/wp\/v2\/product_brand?post=101"},{"taxonomy":"product_cat","embeddable":true,"href":"https:\/\/www.gfimedicine.com\/farmacia\/wp-json\/wp\/v2\/product_cat?post=101"},{"taxonomy":"product_tag","embeddable":true,"href":"https:\/\/www.gfimedicine.com\/farmacia\/wp-json\/wp\/v2\/product_tag?post=101"}],"curies":[{"name":"wp","href":"https:\/\/api.w.org\/{rel}","templated":true}]}}